{"id":768,"date":"2026-01-21T13:29:53","date_gmt":"2026-01-21T13:29:53","guid":{"rendered":"https:\/\/encuentrocontableytributario.incp.org.co\/?page_id=768"},"modified":"2026-01-21T13:29:54","modified_gmt":"2026-01-21T13:29:54","slug":"guillermo-henrique-gomez","status":"publish","type":"page","link":"https:\/\/encuentrocontableytributario.incp.org.co\/indexphp\/guillermo-henrique-gomez\/","title":{"rendered":"Guillermo Henrique G\u00f3mez\u200b"},"content":{"rendered":"\n<div class=\"wp-block-columns is-layout-flex wp-container-core-columns-is-layout-9d6595d7 wp-block-columns-is-layout-flex\">\n<div class=\"wp-block-column is-layout-flow wp-block-column-is-layout-flow\">\n<figure class=\"wp-block-image size-full is-resized\"><img loading=\"lazy\" decoding=\"async\" width=\"331\" height=\"443\" src=\"https:\/\/encuentrocontableytributario.incp.org.co\/wp-content\/uploads\/2026\/01\/Guillermo.png\" alt=\"\" class=\"wp-image-769\" style=\"width:416px;height:auto\" srcset=\"https:\/\/encuentrocontableytributario.incp.org.co\/wp-content\/uploads\/2026\/01\/Guillermo.png 331w, https:\/\/encuentrocontableytributario.incp.org.co\/wp-content\/uploads\/2026\/01\/Guillermo-224x300.png 224w\" sizes=\"auto, (max-width: 331px) 100vw, 331px\" \/><\/figure>\n<\/div>\n\n\n\n<div class=\"wp-block-column is-layout-flow wp-block-column-is-layout-flow\">\n<h5 class=\"wp-block-heading\" style=\"font-size:20px\">Presidente ejecutivo nacional de ACOGA\u200b\n<\/h5>\n\n\n\n<p style=\"text-align:justify\">Profesional en Finanzas y Relaciones Internacionales de la Universidad Externado de Colombia, especialista en Derecho Urbano y mag\u00edster en Periodismo de la Universidad del Rosario. Cuenta con m\u00e1s de 20 a\u00f1os de experiencia en el sector p\u00fablico y gremial, con experiencia en la formulaci\u00f3n y direcci\u00f3n de pol\u00edticas p\u00fablicas y en el fortalecimiento institucional.\u200b<br><br>\nSe desempe\u00f1\u00f3 como secretario del Interior, de Desarrollo y de Vivienda del departamento de Santander, y como director ejecutivo de la Asociaci\u00f3n Colombiana de Calzado y Marroquiner\u00eda de Santander. Asimismo, fue presidente ejecutivo nacional de la Asociaci\u00f3n Colombiana de la Industria Gastron\u00f3mica &#8211; ACODRES y actualmente es presidente ejecutivo nacional de la Asociaci\u00f3n Colombiana de Gastronom\u00eda y Turismo &#8211; ACOGA.\n\n<\/p>\n<\/div>\n<\/div>\n\n\n\n<p><\/p>\n","protected":false},"excerpt":{"rendered":"<p>Presidente ejecutivo nacional de ACOGA\u200b Profesional en Finanzas y Relaciones Internacionales de la Universidad Externado de Colombia, especialista en Derecho Urbano y mag\u00edster en Periodismo de la Universidad del Rosario. Cuenta con m\u00e1s de 20 a\u00f1os de experiencia en el sector p\u00fablico y gremial, con experiencia en la formulaci\u00f3n y direcci\u00f3n de pol\u00edticas p\u00fablicas y &hellip; <\/p>\n","protected":false},"author":1,"featured_media":0,"parent":0,"menu_order":0,"comment_status":"closed","ping_status":"closed","template":"","meta":{"inline_featured_image":false,"footnotes":""},"class_list":["post-768","page","type-page","status-publish","hentry"],"_links":{"self":[{"href":"https:\/\/encuentrocontableytributario.incp.org.co\/index.php\/wp-json\/wp\/v2\/pages\/768","targetHints":{"allow":["GET"]}}],"collection":[{"href":"https:\/\/encuentrocontableytributario.incp.org.co\/index.php\/wp-json\/wp\/v2\/pages"}],"about":[{"href":"https:\/\/encuentrocontableytributario.incp.org.co\/index.php\/wp-json\/wp\/v2\/types\/page"}],"author":[{"embeddable":true,"href":"https:\/\/encuentrocontableytributario.incp.org.co\/index.php\/wp-json\/wp\/v2\/users\/1"}],"replies":[{"embeddable":true,"href":"https:\/\/encuentrocontableytributario.incp.org.co\/index.php\/wp-json\/wp\/v2\/comments?post=768"}],"version-history":[{"count":1,"href":"https:\/\/encuentrocontableytributario.incp.org.co\/index.php\/wp-json\/wp\/v2\/pages\/768\/revisions"}],"predecessor-version":[{"id":770,"href":"https:\/\/encuentrocontableytributario.incp.org.co\/index.php\/wp-json\/wp\/v2\/pages\/768\/revisions\/770"}],"wp:attachment":[{"href":"https:\/\/encuentrocontableytributario.incp.org.co\/index.php\/wp-json\/wp\/v2\/media?parent=768"}],"curies":[{"name":"wp","href":"https:\/\/api.w.org\/{rel}","templated":true}]}}