{"id":695,"date":"2025-12-22T22:05:08","date_gmt":"2025-12-22T22:05:08","guid":{"rendered":"https:\/\/encuentrocontableytributario.incp.org.co\/?page_id=695"},"modified":"2026-01-20T21:52:28","modified_gmt":"2026-01-20T21:52:28","slug":"brendan-thomas-quirk","status":"publish","type":"page","link":"https:\/\/encuentrocontableytributario.incp.org.co\/indexphp\/brendan-thomas-quirk\/","title":{"rendered":"Brendan Thomas Quirk"},"content":{"rendered":"\n<div class=\"wp-block-columns is-layout-flex wp-container-core-columns-is-layout-9d6595d7 wp-block-columns-is-layout-flex\">\n<div class=\"wp-block-column is-layout-flow wp-block-column-is-layout-flow\">\n<figure class=\"wp-block-video\"><video height=\"1920\" style=\"aspect-ratio: 1080 \/ 1920;\" width=\"1080\" controls src=\"https:\/\/encuentrocontableytributario.incp.org.co\/wp-content\/uploads\/2026\/01\/reel-pauta-ECT-Brendan-Thomas-Quirk.mp4\"><\/video><\/figure>\n<\/div>\n\n\n\n<div class=\"wp-block-column is-layout-flow wp-block-column-is-layout-flow\">\n<h5 class=\"wp-block-heading\" style=\"font-size:20px\">Director General de\u00a0LA CPA\n<\/h5>\n\n\n\n<p style=\"text-align:justify\">Ejecutivo global con cerca de dos d\u00e9cadas de experiencia apoyando a firmas de contabilidad en el fortalecimiento de sus pr\u00e1cticas y en la promoci\u00f3n de un crecimiento sostenible. Es fundador de LA CPA, desde donde brinda soluciones personalizadas para el sector contable, apoy\u00e1ndose en su formaci\u00f3n como Contador P\u00fablico Certificado (CPA) y en su dominio del espa\u00f1ol e ingl\u00e9s para facilitar la comunicaci\u00f3n intercultural y atender las necesidades de clientes internacionales. <br>\nAnteriormente se desempe\u00f1\u00f3 como director para Norteam\u00e9rica en HLB y como director ejecutivo en Moore North America, liderando iniciativas estrat\u00e9gicas y la expansi\u00f3n global de las firmas miembro. Asimismo, fue l\u00edder para Latinoam\u00e9rica de RSM, contribuyendo al desarrollo regional. Es MBA Internacional del IE Business School, contador del Boston College, CPA y CGMA, y egresado del Programa de Liderazgo Ejecutivo de la Universidad de Cambridge.\n<\/p>\n<\/div>\n<\/div>\n\n\n\n<p><\/p>\n","protected":false},"excerpt":{"rendered":"<p>Director General de\u00a0LA CPA Ejecutivo global con cerca de dos d\u00e9cadas de experiencia apoyando a firmas de contabilidad en el fortalecimiento de sus pr\u00e1cticas y en la promoci\u00f3n de un crecimiento sostenible. Es fundador de LA CPA, desde donde brinda soluciones personalizadas para el sector contable, apoy\u00e1ndose en su formaci\u00f3n como Contador P\u00fablico Certificado (CPA) &hellip; <\/p>\n","protected":false},"author":1,"featured_media":0,"parent":0,"menu_order":0,"comment_status":"closed","ping_status":"closed","template":"","meta":{"inline_featured_image":false,"footnotes":""},"class_list":["post-695","page","type-page","status-publish","hentry"],"_links":{"self":[{"href":"https:\/\/encuentrocontableytributario.incp.org.co\/index.php\/wp-json\/wp\/v2\/pages\/695","targetHints":{"allow":["GET"]}}],"collection":[{"href":"https:\/\/encuentrocontableytributario.incp.org.co\/index.php\/wp-json\/wp\/v2\/pages"}],"about":[{"href":"https:\/\/encuentrocontableytributario.incp.org.co\/index.php\/wp-json\/wp\/v2\/types\/page"}],"author":[{"embeddable":true,"href":"https:\/\/encuentrocontableytributario.incp.org.co\/index.php\/wp-json\/wp\/v2\/users\/1"}],"replies":[{"embeddable":true,"href":"https:\/\/encuentrocontableytributario.incp.org.co\/index.php\/wp-json\/wp\/v2\/comments?post=695"}],"version-history":[{"count":2,"href":"https:\/\/encuentrocontableytributario.incp.org.co\/index.php\/wp-json\/wp\/v2\/pages\/695\/revisions"}],"predecessor-version":[{"id":733,"href":"https:\/\/encuentrocontableytributario.incp.org.co\/index.php\/wp-json\/wp\/v2\/pages\/695\/revisions\/733"}],"wp:attachment":[{"href":"https:\/\/encuentrocontableytributario.incp.org.co\/index.php\/wp-json\/wp\/v2\/media?parent=695"}],"curies":[{"name":"wp","href":"https:\/\/api.w.org\/{rel}","templated":true}]}}