{"id":676,"date":"2025-12-09T13:52:07","date_gmt":"2025-12-09T13:52:07","guid":{"rendered":"https:\/\/encuentrocontableytributario.incp.org.co\/?page_id=676"},"modified":"2026-01-21T12:50:50","modified_gmt":"2026-01-21T12:50:50","slug":"carlos-guerra","status":"publish","type":"page","link":"https:\/\/encuentrocontableytributario.incp.org.co\/indexphp\/carlos-guerra\/","title":{"rendered":"Carlos Guerra"},"content":{"rendered":"\n<div class=\"wp-block-columns is-layout-flex wp-container-core-columns-is-layout-9d6595d7 wp-block-columns-is-layout-flex\">\n<div class=\"wp-block-column is-layout-flow wp-block-column-is-layout-flow\">\n<figure class=\"wp-block-video\"><video height=\"1280\" style=\"aspect-ratio: 720 \/ 1280;\" width=\"720\" controls src=\"https:\/\/encuentrocontableytributario.incp.org.co\/wp-content\/uploads\/2026\/01\/Reel-con-subt.mp4\"><\/video><\/figure>\n<\/div>\n\n\n\n<div class=\"wp-block-column is-layout-flow wp-block-column-is-layout-flow\">\n<h5 class=\"wp-block-heading\" style=\"font-size:20px\">Experto tributarista\n<\/h5>\n\n\n\n<p style=\"text-align:justify\">Contador p\u00fablico de la Universidad de San Buenaventura; especialista en Gerencia de Impuestos de la Universidad de Antioquia; con estudios terminados en Derecho en la Fundaci\u00f3n Universitaria Colombo Internacional y mag\u00edster en Derecho Comercial de la Universidad Externado de Colombia.<br><br>\nEs miembro del Instituto Colombiano de Derecho Tributario y del Consejo Regional Caribe del mismo instituto.<br><br>\nEs docente universitario en posgrados de la Universidad del Norte, la Universidad Popular del Cesar, la Fundaci\u00f3n Universitaria Tecnol\u00f3gico de Comfenalco y la Universidad Luis Amig\u00f3. Autor del libro &#8216;Impuesto de renta en personas naturales&#8217; y coautor del libro Reforma Tributaria Ley 2277 de la Editorial Nueva Legislaciones. Es conferencista nacional en asuntos tributarios y socio de Impuestos Guerra, De la Espriella y Guerra S. A. S.\n<\/p>\n<\/div>\n<\/div>\n\n\n\n<p><\/p>\n","protected":false},"excerpt":{"rendered":"<p>Experto tributarista Contador p\u00fablico de la Universidad de San Buenaventura; especialista en Gerencia de Impuestos de la Universidad de Antioquia; con estudios terminados en Derecho en la Fundaci\u00f3n Universitaria Colombo Internacional y mag\u00edster en Derecho Comercial de la Universidad Externado de Colombia. Es miembro del Instituto Colombiano de Derecho Tributario y del Consejo Regional Caribe &hellip; <\/p>\n","protected":false},"author":1,"featured_media":0,"parent":0,"menu_order":0,"comment_status":"closed","ping_status":"closed","template":"","meta":{"inline_featured_image":false,"footnotes":""},"class_list":["post-676","page","type-page","status-publish","hentry"],"_links":{"self":[{"href":"https:\/\/encuentrocontableytributario.incp.org.co\/index.php\/wp-json\/wp\/v2\/pages\/676","targetHints":{"allow":["GET"]}}],"collection":[{"href":"https:\/\/encuentrocontableytributario.incp.org.co\/index.php\/wp-json\/wp\/v2\/pages"}],"about":[{"href":"https:\/\/encuentrocontableytributario.incp.org.co\/index.php\/wp-json\/wp\/v2\/types\/page"}],"author":[{"embeddable":true,"href":"https:\/\/encuentrocontableytributario.incp.org.co\/index.php\/wp-json\/wp\/v2\/users\/1"}],"replies":[{"embeddable":true,"href":"https:\/\/encuentrocontableytributario.incp.org.co\/index.php\/wp-json\/wp\/v2\/comments?post=676"}],"version-history":[{"count":2,"href":"https:\/\/encuentrocontableytributario.incp.org.co\/index.php\/wp-json\/wp\/v2\/pages\/676\/revisions"}],"predecessor-version":[{"id":750,"href":"https:\/\/encuentrocontableytributario.incp.org.co\/index.php\/wp-json\/wp\/v2\/pages\/676\/revisions\/750"}],"wp:attachment":[{"href":"https:\/\/encuentrocontableytributario.incp.org.co\/index.php\/wp-json\/wp\/v2\/media?parent=676"}],"curies":[{"name":"wp","href":"https:\/\/api.w.org\/{rel}","templated":true}]}}