{"id":673,"date":"2025-12-09T13:49:15","date_gmt":"2025-12-09T13:49:15","guid":{"rendered":"https:\/\/encuentrocontableytributario.incp.org.co\/?page_id=673"},"modified":"2025-12-09T13:49:16","modified_gmt":"2025-12-09T13:49:16","slug":"carlos-miguel-chaparro-2","status":"publish","type":"page","link":"https:\/\/encuentrocontableytributario.incp.org.co\/indexphp\/carlos-miguel-chaparro-2\/","title":{"rendered":"Carlos Miguel Chaparro"},"content":{"rendered":"\n<div class=\"wp-block-columns is-layout-flex wp-container-core-columns-is-layout-9d6595d7 wp-block-columns-is-layout-flex\">\n<div class=\"wp-block-column is-layout-flow wp-block-column-is-layout-flow\">\n<figure class=\"wp-block-image size-full\"><img loading=\"lazy\" decoding=\"async\" width=\"902\" height=\"755\" src=\"https:\/\/encuentrocontableytributario.incp.org.co\/wp-content\/uploads\/2025\/12\/Carlos-chaparro.png\" alt=\"\" class=\"wp-image-674\" srcset=\"https:\/\/encuentrocontableytributario.incp.org.co\/wp-content\/uploads\/2025\/12\/Carlos-chaparro.png 902w, https:\/\/encuentrocontableytributario.incp.org.co\/wp-content\/uploads\/2025\/12\/Carlos-chaparro-300x251.png 300w, https:\/\/encuentrocontableytributario.incp.org.co\/wp-content\/uploads\/2025\/12\/Carlos-chaparro-768x643.png 768w\" sizes=\"auto, (max-width: 902px) 100vw, 902px\" \/><\/figure>\n<\/div>\n\n\n\n<div class=\"wp-block-column is-layout-flow wp-block-column-is-layout-flow\">\n<h5 class=\"wp-block-heading\" style=\"font-size:20px\">Socio l\u00edder de Servicios Legales y Tributarios &#8211; PwC<\/h5>\n\n\n\n<p style=\"text-align:justify\">Abogado de la Universidad Sergio Arboleda, especializado en Derecho Tributario de la Universidad del Rosario. Es miembro de la firma PwC desde 1995 asociado a la pr\u00e1ctica de consultor\u00eda tributaria y el \u00e1rea de impuestos internacionales, lo que le otorga m\u00e1s de 25 a\u00f1os de experiencia en impuestos corporativos.\u00a0Actualmente se desempe\u00f1a como socio l\u00edder de servicios Legales y Tributarios en PwC Colombia.<\/p>\n<\/div>\n<\/div>\n\n\n\n<p><\/p>\n","protected":false},"excerpt":{"rendered":"<p>Socio l\u00edder de Servicios Legales y Tributarios &#8211; PwC Abogado de la Universidad Sergio Arboleda, especializado en Derecho Tributario de la Universidad del Rosario. Es miembro de la firma PwC desde 1995 asociado a la pr\u00e1ctica de consultor\u00eda tributaria y el \u00e1rea de impuestos internacionales, lo que le otorga m\u00e1s de 25 a\u00f1os de experiencia &hellip; <\/p>\n","protected":false},"author":1,"featured_media":0,"parent":0,"menu_order":0,"comment_status":"closed","ping_status":"closed","template":"","meta":{"inline_featured_image":false,"footnotes":""},"class_list":["post-673","page","type-page","status-publish","hentry"],"_links":{"self":[{"href":"https:\/\/encuentrocontableytributario.incp.org.co\/index.php\/wp-json\/wp\/v2\/pages\/673","targetHints":{"allow":["GET"]}}],"collection":[{"href":"https:\/\/encuentrocontableytributario.incp.org.co\/index.php\/wp-json\/wp\/v2\/pages"}],"about":[{"href":"https:\/\/encuentrocontableytributario.incp.org.co\/index.php\/wp-json\/wp\/v2\/types\/page"}],"author":[{"embeddable":true,"href":"https:\/\/encuentrocontableytributario.incp.org.co\/index.php\/wp-json\/wp\/v2\/users\/1"}],"replies":[{"embeddable":true,"href":"https:\/\/encuentrocontableytributario.incp.org.co\/index.php\/wp-json\/wp\/v2\/comments?post=673"}],"version-history":[{"count":1,"href":"https:\/\/encuentrocontableytributario.incp.org.co\/index.php\/wp-json\/wp\/v2\/pages\/673\/revisions"}],"predecessor-version":[{"id":675,"href":"https:\/\/encuentrocontableytributario.incp.org.co\/index.php\/wp-json\/wp\/v2\/pages\/673\/revisions\/675"}],"wp:attachment":[{"href":"https:\/\/encuentrocontableytributario.incp.org.co\/index.php\/wp-json\/wp\/v2\/media?parent=673"}],"curies":[{"name":"wp","href":"https:\/\/api.w.org\/{rel}","templated":true}]}}