{"id":667,"date":"2025-12-09T13:14:20","date_gmt":"2025-12-09T13:14:20","guid":{"rendered":"https:\/\/encuentrocontableytributario.incp.org.co\/?page_id=667"},"modified":"2026-01-20T22:08:00","modified_gmt":"2026-01-20T22:08:00","slug":"camilo-mutis-tellez","status":"publish","type":"page","link":"https:\/\/encuentrocontableytributario.incp.org.co\/indexphp\/camilo-mutis-tellez\/","title":{"rendered":"Camilo Mutis T\u00e9llez"},"content":{"rendered":"\n<div class=\"wp-block-columns is-layout-flex wp-container-core-columns-is-layout-9d6595d7 wp-block-columns-is-layout-flex\">\n<div class=\"wp-block-column is-layout-flow wp-block-column-is-layout-flow\">\n<figure class=\"wp-block-video\"><video height=\"1920\" style=\"aspect-ratio: 1080 \/ 1920;\" width=\"1080\" controls src=\"https:\/\/encuentrocontableytributario.incp.org.co\/wp-content\/uploads\/2026\/01\/reel-pauta-ECT-Camilo-Mutis.mp4\"><\/video><\/figure>\n<\/div>\n\n\n\n<div class=\"wp-block-column is-layout-flow wp-block-column-is-layout-flow\">\n<h5 class=\"wp-block-heading\" style=\"font-size:20px\">Socio en Deloitte <\/h5>\n\n\n\n<p style=\"text-align:justify\">Egresado de la Facultad de Derecho de la Pontificia Universidad Javeriana. Especialista en Derecho Laboral de la misma instituci\u00f3n. Obtuvo el t\u00edtulo de Master of Laws (LL.M.) en la Universidad de Cornell, Estados Unidos de Am\u00e9rica y, posteriormente, fue admitido a la pr\u00e1ctica legal en el Estado de Nueva York.<br>br>\nHa asesorado a compa\u00f1\u00edas nacionales e internacionales en asuntos de derecho laboral individual y colectivo y derecho de la seguridad social. Ha brindado asesor\u00eda en la estructuraci\u00f3n laboral de grandes proyectos de fusiones y adquisiciones, as\u00ed como en la normalizaci\u00f3n pensional de importantes compa\u00f1\u00edas. Igualmente, ha representado a sus clientes en litigios judiciales y administrativos, donde tiene amplia experiencia. Adem\u00e1s, ha acompa\u00f1ado a clientes en procesos de negociaci\u00f3n colectiva con diferentes sindicatos.\n<\/p>\n<\/div>\n<\/div>\n\n\n\n<p><\/p>\n","protected":false},"excerpt":{"rendered":"<p>Socio en Deloitte Egresado de la Facultad de Derecho de la Pontificia Universidad Javeriana. Especialista en Derecho Laboral de la misma instituci\u00f3n. Obtuvo el t\u00edtulo de Master of Laws (LL.M.) en la Universidad de Cornell, Estados Unidos de Am\u00e9rica y, posteriormente, fue admitido a la pr\u00e1ctica legal en el Estado de Nueva York.br> Ha asesorado &hellip; <\/p>\n","protected":false},"author":1,"featured_media":0,"parent":0,"menu_order":0,"comment_status":"closed","ping_status":"closed","template":"","meta":{"inline_featured_image":false,"footnotes":""},"class_list":["post-667","page","type-page","status-publish","hentry"],"_links":{"self":[{"href":"https:\/\/encuentrocontableytributario.incp.org.co\/index.php\/wp-json\/wp\/v2\/pages\/667","targetHints":{"allow":["GET"]}}],"collection":[{"href":"https:\/\/encuentrocontableytributario.incp.org.co\/index.php\/wp-json\/wp\/v2\/pages"}],"about":[{"href":"https:\/\/encuentrocontableytributario.incp.org.co\/index.php\/wp-json\/wp\/v2\/types\/page"}],"author":[{"embeddable":true,"href":"https:\/\/encuentrocontableytributario.incp.org.co\/index.php\/wp-json\/wp\/v2\/users\/1"}],"replies":[{"embeddable":true,"href":"https:\/\/encuentrocontableytributario.incp.org.co\/index.php\/wp-json\/wp\/v2\/comments?post=667"}],"version-history":[{"count":3,"href":"https:\/\/encuentrocontableytributario.incp.org.co\/index.php\/wp-json\/wp\/v2\/pages\/667\/revisions"}],"predecessor-version":[{"id":746,"href":"https:\/\/encuentrocontableytributario.incp.org.co\/index.php\/wp-json\/wp\/v2\/pages\/667\/revisions\/746"}],"wp:attachment":[{"href":"https:\/\/encuentrocontableytributario.incp.org.co\/index.php\/wp-json\/wp\/v2\/media?parent=667"}],"curies":[{"name":"wp","href":"https:\/\/api.w.org\/{rel}","templated":true}]}}