{"id":649,"date":"2025-12-03T13:00:07","date_gmt":"2025-12-03T13:00:07","guid":{"rendered":"https:\/\/encuentrocontableytributario.incp.org.co\/?page_id=649"},"modified":"2025-12-03T13:00:07","modified_gmt":"2025-12-03T13:00:07","slug":"humberto-fernandez-paz","status":"publish","type":"page","link":"https:\/\/encuentrocontableytributario.incp.org.co\/indexphp\/humberto-fernandez-paz\/","title":{"rendered":"Humberto Fern\u00e1ndez Paz"},"content":{"rendered":"\n<div class=\"wp-block-columns is-layout-flex wp-container-core-columns-is-layout-9d6595d7 wp-block-columns-is-layout-flex\">\n<div class=\"wp-block-column is-layout-flow wp-block-column-is-layout-flow\">\n<figure class=\"wp-block-image size-full is-resized\"><img loading=\"lazy\" decoding=\"async\" width=\"402\" height=\"401\" src=\"https:\/\/encuentrocontableytributario.incp.org.co\/wp-content\/uploads\/2025\/12\/Humberto-Fernandez.jpg\" alt=\"\" class=\"wp-image-652\" style=\"width:416px;height:auto\" srcset=\"https:\/\/encuentrocontableytributario.incp.org.co\/wp-content\/uploads\/2025\/12\/Humberto-Fernandez.jpg 402w, https:\/\/encuentrocontableytributario.incp.org.co\/wp-content\/uploads\/2025\/12\/Humberto-Fernandez-300x300.jpg 300w, https:\/\/encuentrocontableytributario.incp.org.co\/wp-content\/uploads\/2025\/12\/Humberto-Fernandez-150x150.jpg 150w\" sizes=\"auto, (max-width: 402px) 100vw, 402px\" \/><\/figure>\n<\/div>\n\n\n\n<div class=\"wp-block-column is-layout-flow wp-block-column-is-layout-flow\">\n<h5 class=\"wp-block-heading\" style=\"font-size:20px\">Presidente del Instituto Nacional de Contadores P\u00fablicos &#8211; INCP<\/h5>\n\n\n\n<p style=\"text-align:justify\">Contador P\u00fablico, con especializaci\u00f3n en Finanzas del ICESI, Gobierno Corporativo y Administraci\u00f3n de Riesgos. Cuenta con m\u00e1s de 36 a\u00f1os de experiencia en consultor\u00eda empresarial, auditor\u00eda externa, impuestos y aseguramiento.\nHa sido catedr\u00e1tico de la Universidad Javeriana y conferencista en simposios y seminarios nacionales e internacionales. Trabaj\u00f3 durante 9 a\u00f1os en PWC. Actualmente se desempe\u00f1a como presidente de BKF International. \nHa sido vicepresidente del Grupo Multisectorial, asiste a las reuniones del Bloque Parlamentario de Congresistas en calidad de representante del sector empresarial, integra la Junta Directiva de la C\u00e1mara de Comercio de Cali (entidad en la que tambi\u00e9n se ha desempe\u00f1ado como vicepresidente) y es miembro del Executive F\u00f3rum. \nLider\u00f3 el Comit\u00e9 Regional IFRS-ISAS del Latam Group de BKF International. Fue presidente de la Asociaci\u00f3n Colombiana de Ejecutivos de Finanzas y actualmente forma parte del Comit\u00e9 T\u00e9cnico de Aseguramiento, \u00f3rgano asesor del Consejo T\u00e9cnico de la Contadur\u00eda P\u00fablica (CTCP).<\/p>\n<\/div>\n<\/div>\n\n\n\n<p><\/p>\n","protected":false},"excerpt":{"rendered":"<p>Presidente del Instituto Nacional de Contadores P\u00fablicos &#8211; INCP Contador P\u00fablico, con especializaci\u00f3n en Finanzas del ICESI, Gobierno Corporativo y Administraci\u00f3n de Riesgos. Cuenta con m\u00e1s de 36 a\u00f1os de experiencia en consultor\u00eda empresarial, auditor\u00eda externa, impuestos y aseguramiento. Ha sido catedr\u00e1tico de la Universidad Javeriana y conferencista en simposios y seminarios nacionales e internacionales. &hellip; <\/p>\n","protected":false},"author":1,"featured_media":0,"parent":0,"menu_order":0,"comment_status":"closed","ping_status":"closed","template":"","meta":{"inline_featured_image":false,"footnotes":""},"class_list":["post-649","page","type-page","status-publish","hentry"],"_links":{"self":[{"href":"https:\/\/encuentrocontableytributario.incp.org.co\/index.php\/wp-json\/wp\/v2\/pages\/649","targetHints":{"allow":["GET"]}}],"collection":[{"href":"https:\/\/encuentrocontableytributario.incp.org.co\/index.php\/wp-json\/wp\/v2\/pages"}],"about":[{"href":"https:\/\/encuentrocontableytributario.incp.org.co\/index.php\/wp-json\/wp\/v2\/types\/page"}],"author":[{"embeddable":true,"href":"https:\/\/encuentrocontableytributario.incp.org.co\/index.php\/wp-json\/wp\/v2\/users\/1"}],"replies":[{"embeddable":true,"href":"https:\/\/encuentrocontableytributario.incp.org.co\/index.php\/wp-json\/wp\/v2\/comments?post=649"}],"version-history":[{"count":2,"href":"https:\/\/encuentrocontableytributario.incp.org.co\/index.php\/wp-json\/wp\/v2\/pages\/649\/revisions"}],"predecessor-version":[{"id":653,"href":"https:\/\/encuentrocontableytributario.incp.org.co\/index.php\/wp-json\/wp\/v2\/pages\/649\/revisions\/653"}],"wp:attachment":[{"href":"https:\/\/encuentrocontableytributario.incp.org.co\/index.php\/wp-json\/wp\/v2\/media?parent=649"}],"curies":[{"name":"wp","href":"https:\/\/api.w.org\/{rel}","templated":true}]}}