{"id":634,"date":"2025-11-25T15:08:50","date_gmt":"2025-11-25T15:08:50","guid":{"rendered":"https:\/\/encuentrocontableytributario.incp.org.co\/?page_id=634"},"modified":"2026-01-20T22:01:40","modified_gmt":"2026-01-20T22:01:40","slug":"roger-roman-sanchez-3","status":"publish","type":"page","link":"https:\/\/encuentrocontableytributario.incp.org.co\/indexphp\/roger-roman-sanchez-3\/","title":{"rendered":"Roger Rom\u00e1n S\u00e1nchez"},"content":{"rendered":"\n<div class=\"wp-block-columns is-layout-flex wp-container-core-columns-is-layout-9d6595d7 wp-block-columns-is-layout-flex\">\n<div class=\"wp-block-column is-layout-flow wp-block-column-is-layout-flow\">\n<figure class=\"wp-block-video\"><video height=\"1920\" style=\"aspect-ratio: 1080 \/ 1920;\" width=\"1080\" controls src=\"https:\/\/encuentrocontableytributario.incp.org.co\/wp-content\/uploads\/2026\/01\/reel-pauta-ECT-Roger-Roman.mp4\"><\/video><\/figure>\n<\/div>\n\n\n\n<div class=\"wp-block-column is-layout-flow wp-block-column-is-layout-flow\">\n<h5 class=\"wp-block-heading\" style=\"font-size:20px\">Socio de Impuestos y\u00a0Legal de Russell Bedford<\/h5>\n\n\n\n<p style=\"text-align:justify\">Contador p\u00fablico y abogado con m\u00e1s de 15 a\u00f1os de experiencia como consultor y planeador tributario de los diferentes sectores empresariales, certificado en Normas Internacionales de Informaci\u00f3n Financiera (NIIF) Plenas y NIIF para Pymes del Instituto de Contadores P\u00fablicos de Inglaterra y Gales (ICAEW, por sus siglas en ingl\u00e9s). Ha sido conferencista para diversas instituciones, c\u00e1maras de comercio y universidades sobre\u00a0las normas NIIF. Actualmente se desempe\u00f1a como socio de Impuestos y Legal de la firma Russell\u00a0Bedford.<\/p>\n<\/div>\n<\/div>\n\n\n\n<p><\/p>\n","protected":false},"excerpt":{"rendered":"<p>Socio de Impuestos y\u00a0Legal de Russell Bedford Contador p\u00fablico y abogado con m\u00e1s de 15 a\u00f1os de experiencia como consultor y planeador tributario de los diferentes sectores empresariales, certificado en Normas Internacionales de Informaci\u00f3n Financiera (NIIF) Plenas y NIIF para Pymes del Instituto de Contadores P\u00fablicos de Inglaterra y Gales (ICAEW, por sus siglas en &hellip; <\/p>\n","protected":false},"author":1,"featured_media":0,"parent":0,"menu_order":0,"comment_status":"closed","ping_status":"closed","template":"","meta":{"inline_featured_image":false,"footnotes":""},"class_list":["post-634","page","type-page","status-publish","hentry"],"_links":{"self":[{"href":"https:\/\/encuentrocontableytributario.incp.org.co\/index.php\/wp-json\/wp\/v2\/pages\/634","targetHints":{"allow":["GET"]}}],"collection":[{"href":"https:\/\/encuentrocontableytributario.incp.org.co\/index.php\/wp-json\/wp\/v2\/pages"}],"about":[{"href":"https:\/\/encuentrocontableytributario.incp.org.co\/index.php\/wp-json\/wp\/v2\/types\/page"}],"author":[{"embeddable":true,"href":"https:\/\/encuentrocontableytributario.incp.org.co\/index.php\/wp-json\/wp\/v2\/users\/1"}],"replies":[{"embeddable":true,"href":"https:\/\/encuentrocontableytributario.incp.org.co\/index.php\/wp-json\/wp\/v2\/comments?post=634"}],"version-history":[{"count":3,"href":"https:\/\/encuentrocontableytributario.incp.org.co\/index.php\/wp-json\/wp\/v2\/pages\/634\/revisions"}],"predecessor-version":[{"id":739,"href":"https:\/\/encuentrocontableytributario.incp.org.co\/index.php\/wp-json\/wp\/v2\/pages\/634\/revisions\/739"}],"wp:attachment":[{"href":"https:\/\/encuentrocontableytributario.incp.org.co\/index.php\/wp-json\/wp\/v2\/media?parent=634"}],"curies":[{"name":"wp","href":"https:\/\/api.w.org\/{rel}","templated":true}]}}