{"id":592,"date":"2025-11-14T17:55:07","date_gmt":"2025-11-14T17:55:07","guid":{"rendered":"https:\/\/encuentrocontableytributario.incp.org.co\/?page_id=592"},"modified":"2025-11-25T14:56:44","modified_gmt":"2025-11-25T14:56:44","slug":"cesar-augusto-martinez-ariza","status":"publish","type":"page","link":"https:\/\/encuentrocontableytributario.incp.org.co\/indexphp\/cesar-augusto-martinez-ariza\/","title":{"rendered":"C\u00e9sar Augusto Mart\u00ednez Ariza"},"content":{"rendered":"\n<div class=\"wp-block-columns is-layout-flex wp-container-core-columns-is-layout-9d6595d7 wp-block-columns-is-layout-flex\">\n<div class=\"wp-block-column is-layout-flow wp-block-column-is-layout-flow\">\n<figure class=\"wp-block-image size-full is-resized\"><img loading=\"lazy\" decoding=\"async\" width=\"601\" height=\"601\" src=\"https:\/\/encuentrocontableytributario.incp.org.co\/wp-content\/uploads\/2025\/11\/Cesar-Augusto-Martinez@2x-100.jpg\" alt=\"\" class=\"wp-image-622\" style=\"width:416px;height:auto\" srcset=\"https:\/\/encuentrocontableytributario.incp.org.co\/wp-content\/uploads\/2025\/11\/Cesar-Augusto-Martinez@2x-100.jpg 601w, https:\/\/encuentrocontableytributario.incp.org.co\/wp-content\/uploads\/2025\/11\/Cesar-Augusto-Martinez@2x-100-300x300.jpg 300w, https:\/\/encuentrocontableytributario.incp.org.co\/wp-content\/uploads\/2025\/11\/Cesar-Augusto-Martinez@2x-100-150x150.jpg 150w, https:\/\/encuentrocontableytributario.incp.org.co\/wp-content\/uploads\/2025\/11\/Cesar-Augusto-Martinez@2x-100-470x470.jpg 470w\" sizes=\"auto, (max-width: 601px) 100vw, 601px\" \/><\/figure>\n<\/div>\n\n\n\n<div class=\"wp-block-column is-layout-flow wp-block-column-is-layout-flow\">\n<h5 class=\"wp-block-heading\" style=\"font-size:20px\">Director de Gesti\u00f3n de Fiscalizaci\u00f3n \u2013 DIAN \n<\/h5>\n\n\n\n<p style=\"text-align:justify\">Contador p\u00fablico, abogado y mag\u00edster en Derecho con \u00e9nfasis en Tributaci\u00f3n de la Universidad Externado de Colombia. Cuenta con m\u00e1s de treinta a\u00f1os de experiencia en los \u00e1mbitos tributario, comercial y financiero, y actualmente es socio fundador de CONASGES SAS, firma dedicada a la consultor\u00eda jur\u00eddica y t\u00e9cnica en materia tributaria, aduanera, cambiaria e internacional.<br><br>\nHa ocupado cargos de alta responsabilidad en entidades p\u00fablicas y gremiales. Fue director de Gesti\u00f3n de Fiscalizaci\u00f3n de la DIAN (2025) y dignatario ante el Tribunal Disciplinario de la Junta Central de Contadores, donde ejerci\u00f3 como vicepresidente (2019 &#8211; 2020) y presidente (2020 &#8211; 2022). Tambi\u00e9n se desempe\u00f1\u00f3 como secretario t\u00e9cnico del Foro Permanente del Defensor del Contribuyente y Usuario Aduanero. Adem\u00e1s, fue asesor en el Ministerio de Agricultura, la UAE Servicios P\u00fablicos de Bogot\u00e1, la CRA y otras entidades del orden nacional.\n<\/p>\n<\/div>\n<\/div>\n\n\n\n<p><\/p>\n","protected":false},"excerpt":{"rendered":"<p>Director de Gesti\u00f3n de Fiscalizaci\u00f3n \u2013 DIAN Contador p\u00fablico, abogado y mag\u00edster en Derecho con \u00e9nfasis en Tributaci\u00f3n de la Universidad Externado de Colombia. Cuenta con m\u00e1s de treinta a\u00f1os de experiencia en los \u00e1mbitos tributario, comercial y financiero, y actualmente es socio fundador de CONASGES SAS, firma dedicada a la consultor\u00eda jur\u00eddica y t\u00e9cnica &hellip; <\/p>\n","protected":false},"author":1,"featured_media":0,"parent":0,"menu_order":0,"comment_status":"closed","ping_status":"closed","template":"","meta":{"inline_featured_image":false,"footnotes":""},"class_list":["post-592","page","type-page","status-publish","hentry"],"_links":{"self":[{"href":"https:\/\/encuentrocontableytributario.incp.org.co\/index.php\/wp-json\/wp\/v2\/pages\/592","targetHints":{"allow":["GET"]}}],"collection":[{"href":"https:\/\/encuentrocontableytributario.incp.org.co\/index.php\/wp-json\/wp\/v2\/pages"}],"about":[{"href":"https:\/\/encuentrocontableytributario.incp.org.co\/index.php\/wp-json\/wp\/v2\/types\/page"}],"author":[{"embeddable":true,"href":"https:\/\/encuentrocontableytributario.incp.org.co\/index.php\/wp-json\/wp\/v2\/users\/1"}],"replies":[{"embeddable":true,"href":"https:\/\/encuentrocontableytributario.incp.org.co\/index.php\/wp-json\/wp\/v2\/comments?post=592"}],"version-history":[{"count":2,"href":"https:\/\/encuentrocontableytributario.incp.org.co\/index.php\/wp-json\/wp\/v2\/pages\/592\/revisions"}],"predecessor-version":[{"id":623,"href":"https:\/\/encuentrocontableytributario.incp.org.co\/index.php\/wp-json\/wp\/v2\/pages\/592\/revisions\/623"}],"wp:attachment":[{"href":"https:\/\/encuentrocontableytributario.incp.org.co\/index.php\/wp-json\/wp\/v2\/media?parent=592"}],"curies":[{"name":"wp","href":"https:\/\/api.w.org\/{rel}","templated":true}]}}