{"id":585,"date":"2025-11-14T17:46:15","date_gmt":"2025-11-14T17:46:15","guid":{"rendered":"https:\/\/encuentrocontableytributario.incp.org.co\/?page_id=585"},"modified":"2025-11-25T15:00:26","modified_gmt":"2025-11-25T15:00:26","slug":"margarita-salas-sanchez","status":"publish","type":"page","link":"https:\/\/encuentrocontableytributario.incp.org.co\/indexphp\/margarita-salas-sanchez\/","title":{"rendered":"Margarita Salas S\u00e1nchez"},"content":{"rendered":"\n<div class=\"wp-block-columns is-layout-flex wp-container-core-columns-is-layout-9d6595d7 wp-block-columns-is-layout-flex\">\n<div class=\"wp-block-column is-layout-flow wp-block-column-is-layout-flow\">\n<figure class=\"wp-block-image size-full is-resized\"><img loading=\"lazy\" decoding=\"async\" width=\"601\" height=\"600\" src=\"https:\/\/encuentrocontableytributario.incp.org.co\/wp-content\/uploads\/2025\/11\/Margarita-Salas@2x-100.jpg\" alt=\"\" class=\"wp-image-626\" style=\"width:416px;height:auto\" srcset=\"https:\/\/encuentrocontableytributario.incp.org.co\/wp-content\/uploads\/2025\/11\/Margarita-Salas@2x-100.jpg 601w, https:\/\/encuentrocontableytributario.incp.org.co\/wp-content\/uploads\/2025\/11\/Margarita-Salas@2x-100-300x300.jpg 300w, https:\/\/encuentrocontableytributario.incp.org.co\/wp-content\/uploads\/2025\/11\/Margarita-Salas@2x-100-150x150.jpg 150w, https:\/\/encuentrocontableytributario.incp.org.co\/wp-content\/uploads\/2025\/11\/Margarita-Salas@2x-100-470x470.jpg 470w\" sizes=\"auto, (max-width: 601px) 100vw, 601px\" \/><\/figure>\n<\/div>\n\n\n\n<div class=\"wp-block-column is-layout-flow wp-block-column-is-layout-flow\">\n<h5 class=\"wp-block-heading\" style=\"font-size:20px\">Socia l\u00edder del \u00e1rea de Litigio y Controversia Tributaria en EY Colombia<\/h5>\n\n\n\n<p style=\"text-align:justify\">Abogada de la Universidad Libre, especialista en Impuestos del Colegio Mayor de Nuestra Se\u00f1ora del Rosario y en Tributaci\u00f3n de la Escuela de Hacienda P\u00fablica de Madrid. Cuenta con m\u00e1s de 25 a\u00f1os de experiencia en asesor\u00eda tributaria, con trayectoria en el sector p\u00fablico y privado. Ha liderado estrategias de defensa ante autoridades fiscales y judiciales, participando en casos de nulidad, inconstitucionalidad y controversias tributarias.<br><br>\nFue directora regional de la DIAN y ha asesorado a empresas nacionales e internacionales en planeaci\u00f3n y cumplimiento fiscal. Es conferencista y catedr\u00e1tica en temas tributarios y ha contribuido activamente al desarrollo del derecho fiscal en Colombia.<\/p>\n<\/div>\n<\/div>\n\n\n\n<p><\/p>\n","protected":false},"excerpt":{"rendered":"<p>Socia l\u00edder del \u00e1rea de Litigio y Controversia Tributaria en EY Colombia Abogada de la Universidad Libre, especialista en Impuestos del Colegio Mayor de Nuestra Se\u00f1ora del Rosario y en Tributaci\u00f3n de la Escuela de Hacienda P\u00fablica de Madrid. Cuenta con m\u00e1s de 25 a\u00f1os de experiencia en asesor\u00eda tributaria, con trayectoria en el sector &hellip; <\/p>\n","protected":false},"author":1,"featured_media":0,"parent":0,"menu_order":0,"comment_status":"closed","ping_status":"closed","template":"","meta":{"inline_featured_image":false,"footnotes":""},"class_list":["post-585","page","type-page","status-publish","hentry"],"_links":{"self":[{"href":"https:\/\/encuentrocontableytributario.incp.org.co\/index.php\/wp-json\/wp\/v2\/pages\/585","targetHints":{"allow":["GET"]}}],"collection":[{"href":"https:\/\/encuentrocontableytributario.incp.org.co\/index.php\/wp-json\/wp\/v2\/pages"}],"about":[{"href":"https:\/\/encuentrocontableytributario.incp.org.co\/index.php\/wp-json\/wp\/v2\/types\/page"}],"author":[{"embeddable":true,"href":"https:\/\/encuentrocontableytributario.incp.org.co\/index.php\/wp-json\/wp\/v2\/users\/1"}],"replies":[{"embeddable":true,"href":"https:\/\/encuentrocontableytributario.incp.org.co\/index.php\/wp-json\/wp\/v2\/comments?post=585"}],"version-history":[{"count":2,"href":"https:\/\/encuentrocontableytributario.incp.org.co\/index.php\/wp-json\/wp\/v2\/pages\/585\/revisions"}],"predecessor-version":[{"id":627,"href":"https:\/\/encuentrocontableytributario.incp.org.co\/index.php\/wp-json\/wp\/v2\/pages\/585\/revisions\/627"}],"wp:attachment":[{"href":"https:\/\/encuentrocontableytributario.incp.org.co\/index.php\/wp-json\/wp\/v2\/media?parent=585"}],"curies":[{"name":"wp","href":"https:\/\/api.w.org\/{rel}","templated":true}]}}