{"id":572,"date":"2025-11-13T19:16:07","date_gmt":"2025-11-13T19:16:07","guid":{"rendered":"https:\/\/encuentrocontableytributario.incp.org.co\/?page_id=572"},"modified":"2025-11-13T19:16:08","modified_gmt":"2025-11-13T19:16:08","slug":"javier-de-la-hoz","status":"publish","type":"page","link":"https:\/\/encuentrocontableytributario.incp.org.co\/indexphp\/javier-de-la-hoz\/","title":{"rendered":"Javier De la Hoz"},"content":{"rendered":"\n<div class=\"wp-block-columns is-layout-flex wp-container-core-columns-is-layout-9d6595d7 wp-block-columns-is-layout-flex\">\n<div class=\"wp-block-column is-layout-flow wp-block-column-is-layout-flow\">\n<figure class=\"wp-block-image size-full is-resized\"><img loading=\"lazy\" decoding=\"async\" width=\"386\" height=\"432\" src=\"https:\/\/encuentrocontableytributario.incp.org.co\/wp-content\/uploads\/2025\/11\/Imagen14.png\" alt=\"\" class=\"wp-image-573\" style=\"width:416px;height:auto\" srcset=\"https:\/\/encuentrocontableytributario.incp.org.co\/wp-content\/uploads\/2025\/11\/Imagen14.png 386w, https:\/\/encuentrocontableytributario.incp.org.co\/wp-content\/uploads\/2025\/11\/Imagen14-268x300.png 268w\" sizes=\"auto, (max-width: 386px) 100vw, 386px\" \/><\/figure>\n<\/div>\n\n\n\n<div class=\"wp-block-column is-layout-flow wp-block-column-is-layout-flow\">\n<h5 class=\"wp-block-heading\" style=\"font-size:20px\">Socio divisi\u00f3n ambiental\u00a0<\/h5>\n\n\n\n<p style=\"text-align:justify\">Abogado, con m\u00e1s de 25 a\u00f1os de experiencia, 15 de ellos en litigio y consultor\u00eda ambiental y clim\u00e1tico, con participaci\u00f3n en procesos ante la Corte Constitucional y el Consejo de Estado en Colombia. Posee una s\u00f3lida trayectoria en asesor\u00eda y consultor\u00eda para empresas del sector p\u00fablico y privado.<br><br> \nAsimismo, cuenta con experiencia en la asesor\u00eda empresas mineras y del sector de oil and gas en la obtenci\u00f3n de licencias ambientales, debida diligencia y derechos humanos. Adem\u00e1s, combina su pr\u00e1ctica de litigio con la docencia universitaria, destac\u00e1ndose como juez en el Concurso Interamericano de Derechos Humanos organizado por American University Washington College of Law.<\/p>\n<\/div>\n<\/div>\n\n\n\n<p><\/p>\n","protected":false},"excerpt":{"rendered":"<p>Socio divisi\u00f3n ambiental\u00a0 Abogado, con m\u00e1s de 25 a\u00f1os de experiencia, 15 de ellos en litigio y consultor\u00eda ambiental y clim\u00e1tico, con participaci\u00f3n en procesos ante la Corte Constitucional y el Consejo de Estado en Colombia. Posee una s\u00f3lida trayectoria en asesor\u00eda y consultor\u00eda para empresas del sector p\u00fablico y privado. Asimismo, cuenta con experiencia &hellip; <\/p>\n","protected":false},"author":1,"featured_media":0,"parent":0,"menu_order":0,"comment_status":"closed","ping_status":"closed","template":"","meta":{"inline_featured_image":false,"footnotes":""},"class_list":["post-572","page","type-page","status-publish","hentry"],"_links":{"self":[{"href":"https:\/\/encuentrocontableytributario.incp.org.co\/index.php\/wp-json\/wp\/v2\/pages\/572","targetHints":{"allow":["GET"]}}],"collection":[{"href":"https:\/\/encuentrocontableytributario.incp.org.co\/index.php\/wp-json\/wp\/v2\/pages"}],"about":[{"href":"https:\/\/encuentrocontableytributario.incp.org.co\/index.php\/wp-json\/wp\/v2\/types\/page"}],"author":[{"embeddable":true,"href":"https:\/\/encuentrocontableytributario.incp.org.co\/index.php\/wp-json\/wp\/v2\/users\/1"}],"replies":[{"embeddable":true,"href":"https:\/\/encuentrocontableytributario.incp.org.co\/index.php\/wp-json\/wp\/v2\/comments?post=572"}],"version-history":[{"count":1,"href":"https:\/\/encuentrocontableytributario.incp.org.co\/index.php\/wp-json\/wp\/v2\/pages\/572\/revisions"}],"predecessor-version":[{"id":574,"href":"https:\/\/encuentrocontableytributario.incp.org.co\/index.php\/wp-json\/wp\/v2\/pages\/572\/revisions\/574"}],"wp:attachment":[{"href":"https:\/\/encuentrocontableytributario.incp.org.co\/index.php\/wp-json\/wp\/v2\/media?parent=572"}],"curies":[{"name":"wp","href":"https:\/\/api.w.org\/{rel}","templated":true}]}}