{"id":560,"date":"2025-11-13T19:07:29","date_gmt":"2025-11-13T19:07:29","guid":{"rendered":"https:\/\/encuentrocontableytributario.incp.org.co\/?page_id=560"},"modified":"2026-01-20T22:02:46","modified_gmt":"2026-01-20T22:02:46","slug":"oswaldo-perez-quinones","status":"publish","type":"page","link":"https:\/\/encuentrocontableytributario.incp.org.co\/indexphp\/oswaldo-perez-quinones\/","title":{"rendered":"Oswaldo P\u00e9rez Qui\u00f1ones"},"content":{"rendered":"\n<div class=\"wp-block-columns is-layout-flex wp-container-core-columns-is-layout-9d6595d7 wp-block-columns-is-layout-flex\">\n<div class=\"wp-block-column is-layout-flow wp-block-column-is-layout-flow\">\n<figure class=\"wp-block-video\"><video height=\"1920\" style=\"aspect-ratio: 1080 \/ 1920;\" width=\"1080\" controls src=\"https:\/\/encuentrocontableytributario.incp.org.co\/wp-content\/uploads\/2026\/01\/reel-pauta-ECT-Oswaldo-Perez-Quinones.mp4\"><\/video><\/figure>\n<\/div>\n\n\n\n<div class=\"wp-block-column is-layout-flow wp-block-column-is-layout-flow\">\n<h5 class=\"wp-block-heading\" style=\"font-size:20px\">Socio de Asesor\u00eda y Cumplimiento de Impuestos KPMG<\/h5>\n\n\n\n<p style=\"text-align:justify\">Contador p\u00fablico de la Universidad Externado de Colombia, con estudios en alta gerencia en la Universidad de los Andes. Socio de KPMG desde 2010, cuenta con m\u00e1s de 30 a\u00f1os de experiencia en auditor\u00eda tributaria y asesor\u00eda fiscal a compa\u00f1\u00edas nacionales e internacionales. Ha participado en proyectos de planeaci\u00f3n y cumplimiento tributario en grupos multinacionales, debida diligencia y en la implementaci\u00f3n de IFRS en Colombia. Fue presidente de asuntos t\u00e9cnicos tributarios del ICDT y es profesor universitario en temas fiscales.<\/p>\n<\/div>\n<\/div>\n","protected":false},"excerpt":{"rendered":"<p>Socio de Asesor\u00eda y Cumplimiento de Impuestos KPMG Contador p\u00fablico de la Universidad Externado de Colombia, con estudios en alta gerencia en la Universidad de los Andes. Socio de KPMG desde 2010, cuenta con m\u00e1s de 30 a\u00f1os de experiencia en auditor\u00eda tributaria y asesor\u00eda fiscal a compa\u00f1\u00edas nacionales e internacionales. Ha participado en proyectos &hellip; <\/p>\n","protected":false},"author":1,"featured_media":0,"parent":0,"menu_order":0,"comment_status":"closed","ping_status":"closed","template":"","meta":{"inline_featured_image":false,"footnotes":""},"class_list":["post-560","page","type-page","status-publish","hentry"],"_links":{"self":[{"href":"https:\/\/encuentrocontableytributario.incp.org.co\/index.php\/wp-json\/wp\/v2\/pages\/560","targetHints":{"allow":["GET"]}}],"collection":[{"href":"https:\/\/encuentrocontableytributario.incp.org.co\/index.php\/wp-json\/wp\/v2\/pages"}],"about":[{"href":"https:\/\/encuentrocontableytributario.incp.org.co\/index.php\/wp-json\/wp\/v2\/types\/page"}],"author":[{"embeddable":true,"href":"https:\/\/encuentrocontableytributario.incp.org.co\/index.php\/wp-json\/wp\/v2\/users\/1"}],"replies":[{"embeddable":true,"href":"https:\/\/encuentrocontableytributario.incp.org.co\/index.php\/wp-json\/wp\/v2\/comments?post=560"}],"version-history":[{"count":2,"href":"https:\/\/encuentrocontableytributario.incp.org.co\/index.php\/wp-json\/wp\/v2\/pages\/560\/revisions"}],"predecessor-version":[{"id":741,"href":"https:\/\/encuentrocontableytributario.incp.org.co\/index.php\/wp-json\/wp\/v2\/pages\/560\/revisions\/741"}],"wp:attachment":[{"href":"https:\/\/encuentrocontableytributario.incp.org.co\/index.php\/wp-json\/wp\/v2\/media?parent=560"}],"curies":[{"name":"wp","href":"https:\/\/api.w.org\/{rel}","templated":true}]}}