{"id":549,"date":"2025-11-13T17:44:06","date_gmt":"2025-11-13T17:44:06","guid":{"rendered":"https:\/\/encuentrocontableytributario.incp.org.co\/?page_id=549"},"modified":"2026-01-21T13:01:16","modified_gmt":"2026-01-21T13:01:16","slug":"carlos-arturo-rodriguez","status":"publish","type":"page","link":"https:\/\/encuentrocontableytributario.incp.org.co\/indexphp\/carlos-arturo-rodriguez\/","title":{"rendered":"Carlos Arturo Rodr\u00edguez"},"content":{"rendered":"\n<div class=\"wp-block-columns is-layout-flex wp-container-core-columns-is-layout-9d6595d7 wp-block-columns-is-layout-flex\">\n<div class=\"wp-block-column is-layout-flow wp-block-column-is-layout-flow\">\n<figure class=\"wp-block-video\"><video height=\"1920\" style=\"aspect-ratio: 1080 \/ 1920;\" width=\"1080\" controls src=\"https:\/\/encuentrocontableytributario.incp.org.co\/wp-content\/uploads\/2026\/01\/reel-pauta-ECT-Carlos-Arturo-Rodriguez.mp4\"><\/video><\/figure>\n<\/div>\n\n\n\n<div class=\"wp-block-column is-layout-flow wp-block-column-is-layout-flow\">\n<h5 class=\"wp-block-heading\" style=\"font-size:20px\">Socio fundador de la firma IFAS SAS.\n<\/h5>\n\n\n\n<p style=\"text-align:justify\">Es contador p\u00fablico y abogado, mag\u00edster en Tributaci\u00f3n y especialista en Contabilidad Financiera Internacional, Gerencia de Impuestos y Tributaci\u00f3n. Ha sido asesor de diversas superintendencias del pa\u00eds en los procesos de convergencia hacia los est\u00e1ndares internacionales de contabilidad, informaci\u00f3n financiera y aseguramiento, as\u00ed como consultor tributario para\u00a0Entidades Sin \u00c1nimo de Lucro (ESAL).<br><br>\nSe desempe\u00f1\u00f3 como subcontador general de la Naci\u00f3n entre 2003 y 2009, liderando la armonizaci\u00f3n del R\u00e9gimen de Contabilidad P\u00fablica con las Normas Internacionales de Contabilidad del Sector P\u00fablico (IPSAS) emitidas por la IFAC. Actualmente es docente de posgrado de la Pontificia Universidad Javeriana.\n<\/p>\n<\/div>\n<\/div>\n","protected":false},"excerpt":{"rendered":"<p>Socio fundador de la firma IFAS SAS. Es contador p\u00fablico y abogado, mag\u00edster en Tributaci\u00f3n y especialista en Contabilidad Financiera Internacional, Gerencia de Impuestos y Tributaci\u00f3n. Ha sido asesor de diversas superintendencias del pa\u00eds en los procesos de convergencia hacia los est\u00e1ndares internacionales de contabilidad, informaci\u00f3n financiera y aseguramiento, as\u00ed como consultor tributario para\u00a0Entidades Sin &hellip; <\/p>\n","protected":false},"author":1,"featured_media":0,"parent":0,"menu_order":0,"comment_status":"closed","ping_status":"closed","template":"","meta":{"inline_featured_image":false,"footnotes":""},"class_list":["post-549","page","type-page","status-publish","hentry"],"_links":{"self":[{"href":"https:\/\/encuentrocontableytributario.incp.org.co\/index.php\/wp-json\/wp\/v2\/pages\/549","targetHints":{"allow":["GET"]}}],"collection":[{"href":"https:\/\/encuentrocontableytributario.incp.org.co\/index.php\/wp-json\/wp\/v2\/pages"}],"about":[{"href":"https:\/\/encuentrocontableytributario.incp.org.co\/index.php\/wp-json\/wp\/v2\/types\/page"}],"author":[{"embeddable":true,"href":"https:\/\/encuentrocontableytributario.incp.org.co\/index.php\/wp-json\/wp\/v2\/users\/1"}],"replies":[{"embeddable":true,"href":"https:\/\/encuentrocontableytributario.incp.org.co\/index.php\/wp-json\/wp\/v2\/comments?post=549"}],"version-history":[{"count":2,"href":"https:\/\/encuentrocontableytributario.incp.org.co\/index.php\/wp-json\/wp\/v2\/pages\/549\/revisions"}],"predecessor-version":[{"id":756,"href":"https:\/\/encuentrocontableytributario.incp.org.co\/index.php\/wp-json\/wp\/v2\/pages\/549\/revisions\/756"}],"wp:attachment":[{"href":"https:\/\/encuentrocontableytributario.incp.org.co\/index.php\/wp-json\/wp\/v2\/media?parent=549"}],"curies":[{"name":"wp","href":"https:\/\/api.w.org\/{rel}","templated":true}]}}