{"id":311,"date":"2025-01-17T21:38:25","date_gmt":"2025-01-17T21:38:25","guid":{"rendered":"https:\/\/encuentrocontableytributario.incp.org.co\/?page_id=311"},"modified":"2026-01-21T12:58:39","modified_gmt":"2026-01-21T12:58:39","slug":"luis-naranjo-corredor","status":"publish","type":"page","link":"https:\/\/encuentrocontableytributario.incp.org.co\/indexphp\/luis-naranjo-corredor\/","title":{"rendered":"Luis Naranjo Corredor"},"content":{"rendered":"\n<div class=\"wp-block-columns is-layout-flex wp-container-core-columns-is-layout-9d6595d7 wp-block-columns-is-layout-flex\">\n<div class=\"wp-block-column is-layout-flow wp-block-column-is-layout-flow\">\n<figure class=\"wp-block-video\"><video height=\"1920\" style=\"aspect-ratio: 1080 \/ 1920;\" width=\"1080\" controls src=\"https:\/\/encuentrocontableytributario.incp.org.co\/wp-content\/uploads\/2026\/01\/reel-pauta-ECT-Luis-Naranjo-Corredor.mp4\"><\/video><\/figure>\n<\/div>\n\n\n\n<div class=\"wp-block-column is-layout-flow wp-block-column-is-layout-flow\">\n<h5 class=\"wp-block-heading\" style=\"font-size:20px\">Director jur\u00eddico de BKF<\/h5>\n\n\n\n<p style=\"text-align:justify\">Abogado especializado en Derecho del Trabajo y de la Seguridad Social de la Universidad Cat\u00f3lica de Colombia, candidato a mag\u00edster en Derecho Laboral y Seguridad Social. Cuenta con experiencia en derecho laboral empresarial, derecho del Sistema General de Seguridad Social, derecho comercial y societario, gesti\u00f3n humana y acciones de protecci\u00f3n de datos personales y del consumidor financiero ante la Superintendencia Financiera. Actualmente, se desempe\u00f1a como director jur\u00eddico de BKF International SAS y Lexbridge Legal Consulting SAS. <\/p>\n<\/div>\n<\/div>\n","protected":false},"excerpt":{"rendered":"<p>Director jur\u00eddico de BKF Abogado especializado en Derecho del Trabajo y de la Seguridad Social de la Universidad Cat\u00f3lica de Colombia, candidato a mag\u00edster en Derecho Laboral y Seguridad Social. Cuenta con experiencia en derecho laboral empresarial, derecho del Sistema General de Seguridad Social, derecho comercial y societario, gesti\u00f3n humana y acciones de protecci\u00f3n de &hellip; <\/p>\n","protected":false},"author":1,"featured_media":0,"parent":0,"menu_order":0,"comment_status":"closed","ping_status":"closed","template":"","meta":{"inline_featured_image":false,"footnotes":""},"class_list":["post-311","page","type-page","status-publish","hentry"],"_links":{"self":[{"href":"https:\/\/encuentrocontableytributario.incp.org.co\/index.php\/wp-json\/wp\/v2\/pages\/311","targetHints":{"allow":["GET"]}}],"collection":[{"href":"https:\/\/encuentrocontableytributario.incp.org.co\/index.php\/wp-json\/wp\/v2\/pages"}],"about":[{"href":"https:\/\/encuentrocontableytributario.incp.org.co\/index.php\/wp-json\/wp\/v2\/types\/page"}],"author":[{"embeddable":true,"href":"https:\/\/encuentrocontableytributario.incp.org.co\/index.php\/wp-json\/wp\/v2\/users\/1"}],"replies":[{"embeddable":true,"href":"https:\/\/encuentrocontableytributario.incp.org.co\/index.php\/wp-json\/wp\/v2\/comments?post=311"}],"version-history":[{"count":3,"href":"https:\/\/encuentrocontableytributario.incp.org.co\/index.php\/wp-json\/wp\/v2\/pages\/311\/revisions"}],"predecessor-version":[{"id":753,"href":"https:\/\/encuentrocontableytributario.incp.org.co\/index.php\/wp-json\/wp\/v2\/pages\/311\/revisions\/753"}],"wp:attachment":[{"href":"https:\/\/encuentrocontableytributario.incp.org.co\/index.php\/wp-json\/wp\/v2\/media?parent=311"}],"curies":[{"name":"wp","href":"https:\/\/api.w.org\/{rel}","templated":true}]}}