{"id":308,"date":"2025-01-17T21:36:12","date_gmt":"2025-01-17T21:36:12","guid":{"rendered":"https:\/\/encuentrocontableytributario.incp.org.co\/?page_id=308"},"modified":"2025-11-13T17:47:19","modified_gmt":"2025-11-13T17:47:19","slug":"carolina-acuna","status":"publish","type":"page","link":"https:\/\/encuentrocontableytributario.incp.org.co\/indexphp\/carolina-acuna\/","title":{"rendered":"Carolina Acu\u00f1a"},"content":{"rendered":"\n<div class=\"wp-block-columns is-layout-flex wp-container-core-columns-is-layout-9d6595d7 wp-block-columns-is-layout-flex\">\n<div class=\"wp-block-column is-layout-flow wp-block-column-is-layout-flow\">\n<figure class=\"wp-block-image size-full is-resized\"><img loading=\"lazy\" decoding=\"async\" width=\"467\" height=\"457\" src=\"https:\/\/encuentrocontableytributario.incp.org.co\/wp-content\/uploads\/2025\/11\/Imagen9.png\" alt=\"\" class=\"wp-image-556\" style=\"width:416px;height:auto\" srcset=\"https:\/\/encuentrocontableytributario.incp.org.co\/wp-content\/uploads\/2025\/11\/Imagen9.png 467w, https:\/\/encuentrocontableytributario.incp.org.co\/wp-content\/uploads\/2025\/11\/Imagen9-300x294.png 300w\" sizes=\"auto, (max-width: 467px) 100vw, 467px\" \/><\/figure>\n<\/div>\n\n\n\n<div class=\"wp-block-column is-layout-flow wp-block-column-is-layout-flow\">\n<h5 class=\"wp-block-heading\" style=\"font-size:20px\">Socia l\u00edder de Global Employer Services en Deloitte<\/h5>\n\n\n\n<p style=\"text-align:justify\">Abogada con posgrado\u00a0en Tributaci\u00f3n y Tributaci\u00f3n Internacional,\u00a0as\u00ed como mag\u00edster en Derecho con \u00e9nfasis en Tributaci\u00f3n de la Universidad Externado de Colombia. M\u00e1ster en Gerencia Internacional de la Universidad de Bolonia y del Institut Commercial de Nancy. Cuenta con amplia experiencia en la preparaci\u00f3n y revisi\u00f3n de declaraciones de renta de personas jur\u00eddicas y naturales, compliance y planificaci\u00f3n tributaria, revisi\u00f3n de pol\u00edticas de expatriaci\u00f3n, n\u00f3mina y retenci\u00f3n en la fuente. Actualmente, se desempe\u00f1a como socia l\u00edder de Global Employer Services (G.E.S.) en Deloitte.<\/p>\n<\/div>\n<\/div>\n","protected":false},"excerpt":{"rendered":"<p>Socia l\u00edder de Global Employer Services en Deloitte Abogada con posgrado\u00a0en Tributaci\u00f3n y Tributaci\u00f3n Internacional,\u00a0as\u00ed como mag\u00edster en Derecho con \u00e9nfasis en Tributaci\u00f3n de la Universidad Externado de Colombia. M\u00e1ster en Gerencia Internacional de la Universidad de Bolonia y del Institut Commercial de Nancy. Cuenta con amplia experiencia en la preparaci\u00f3n y revisi\u00f3n de declaraciones &hellip; <\/p>\n","protected":false},"author":1,"featured_media":0,"parent":0,"menu_order":0,"comment_status":"closed","ping_status":"closed","template":"","meta":{"inline_featured_image":false,"footnotes":""},"class_list":["post-308","page","type-page","status-publish","hentry"],"_links":{"self":[{"href":"https:\/\/encuentrocontableytributario.incp.org.co\/index.php\/wp-json\/wp\/v2\/pages\/308","targetHints":{"allow":["GET"]}}],"collection":[{"href":"https:\/\/encuentrocontableytributario.incp.org.co\/index.php\/wp-json\/wp\/v2\/pages"}],"about":[{"href":"https:\/\/encuentrocontableytributario.incp.org.co\/index.php\/wp-json\/wp\/v2\/types\/page"}],"author":[{"embeddable":true,"href":"https:\/\/encuentrocontableytributario.incp.org.co\/index.php\/wp-json\/wp\/v2\/users\/1"}],"replies":[{"embeddable":true,"href":"https:\/\/encuentrocontableytributario.incp.org.co\/index.php\/wp-json\/wp\/v2\/comments?post=308"}],"version-history":[{"count":3,"href":"https:\/\/encuentrocontableytributario.incp.org.co\/index.php\/wp-json\/wp\/v2\/pages\/308\/revisions"}],"predecessor-version":[{"id":557,"href":"https:\/\/encuentrocontableytributario.incp.org.co\/index.php\/wp-json\/wp\/v2\/pages\/308\/revisions\/557"}],"wp:attachment":[{"href":"https:\/\/encuentrocontableytributario.incp.org.co\/index.php\/wp-json\/wp\/v2\/media?parent=308"}],"curies":[{"name":"wp","href":"https:\/\/api.w.org\/{rel}","templated":true}]}}