{"id":243,"date":"2025-01-15T22:08:48","date_gmt":"2025-01-15T22:08:48","guid":{"rendered":"https:\/\/encuentrocontableytributario.incp.org.co\/?page_id=243"},"modified":"2025-11-13T17:45:09","modified_gmt":"2025-11-13T17:45:09","slug":"alberto-valencia-casallas","status":"publish","type":"page","link":"https:\/\/encuentrocontableytributario.incp.org.co\/indexphp\/alberto-valencia-casallas\/","title":{"rendered":"Alberto Valencia Casallas"},"content":{"rendered":"\n<div class=\"wp-block-columns is-layout-flex wp-container-core-columns-is-layout-9d6595d7 wp-block-columns-is-layout-flex\">\n<div class=\"wp-block-column is-layout-flow wp-block-column-is-layout-flow\">\n<figure class=\"wp-block-image size-full\"><img loading=\"lazy\" decoding=\"async\" width=\"424\" height=\"423\" src=\"https:\/\/encuentrocontableytributario.incp.org.co\/wp-content\/uploads\/2025\/11\/Imagen7.png\" alt=\"\" class=\"wp-image-552\" srcset=\"https:\/\/encuentrocontableytributario.incp.org.co\/wp-content\/uploads\/2025\/11\/Imagen7.png 424w, https:\/\/encuentrocontableytributario.incp.org.co\/wp-content\/uploads\/2025\/11\/Imagen7-300x300.png 300w, https:\/\/encuentrocontableytributario.incp.org.co\/wp-content\/uploads\/2025\/11\/Imagen7-150x150.png 150w\" sizes=\"auto, (max-width: 424px) 100vw, 424px\" \/><\/figure>\n<\/div>\n\n\n\n<div class=\"wp-block-column is-layout-flow wp-block-column-is-layout-flow\">\n<h5 class=\"wp-block-heading\" style=\"font-size:20px\">Consultor y gerente de impuestos en Racaf\u00e9 y CIA. S.C.A.<\/h5>\n\n\n\n<p style=\"text-align:justify\">Contador p\u00fablico  y especialista en Ciencias Tributarias de la Universidad Central, con especializaci\u00f3n en Administraci\u00f3n y Auditor\u00eda Tributaria de la Universidad Jorge Tadeo Lozano. Es docente de especializaciones en materia tributaria\u00a0en diversas universidades nacionales. Adem\u00e1s, es conferencista sobre temas tributarios y actualmente se desempe\u00f1a como gerente de impuestos en Racaf\u00e9 y CIA S.C.A.<\/p>\n<\/div>\n<\/div>\n","protected":false},"excerpt":{"rendered":"<p>Consultor y gerente de impuestos en Racaf\u00e9 y CIA. S.C.A. Contador p\u00fablico y especialista en Ciencias Tributarias de la Universidad Central, con especializaci\u00f3n en Administraci\u00f3n y Auditor\u00eda Tributaria de la Universidad Jorge Tadeo Lozano. Es docente de especializaciones en materia tributaria\u00a0en diversas universidades nacionales. Adem\u00e1s, es conferencista sobre temas tributarios y actualmente se desempe\u00f1a como &hellip; <\/p>\n","protected":false},"author":1,"featured_media":0,"parent":0,"menu_order":0,"comment_status":"closed","ping_status":"closed","template":"","meta":{"inline_featured_image":false,"footnotes":""},"class_list":["post-243","page","type-page","status-publish","hentry"],"_links":{"self":[{"href":"https:\/\/encuentrocontableytributario.incp.org.co\/index.php\/wp-json\/wp\/v2\/pages\/243","targetHints":{"allow":["GET"]}}],"collection":[{"href":"https:\/\/encuentrocontableytributario.incp.org.co\/index.php\/wp-json\/wp\/v2\/pages"}],"about":[{"href":"https:\/\/encuentrocontableytributario.incp.org.co\/index.php\/wp-json\/wp\/v2\/types\/page"}],"author":[{"embeddable":true,"href":"https:\/\/encuentrocontableytributario.incp.org.co\/index.php\/wp-json\/wp\/v2\/users\/1"}],"replies":[{"embeddable":true,"href":"https:\/\/encuentrocontableytributario.incp.org.co\/index.php\/wp-json\/wp\/v2\/comments?post=243"}],"version-history":[{"count":3,"href":"https:\/\/encuentrocontableytributario.incp.org.co\/index.php\/wp-json\/wp\/v2\/pages\/243\/revisions"}],"predecessor-version":[{"id":664,"href":"https:\/\/encuentrocontableytributario.incp.org.co\/index.php\/wp-json\/wp\/v2\/pages\/243\/revisions\/664"}],"wp:attachment":[{"href":"https:\/\/encuentrocontableytributario.incp.org.co\/index.php\/wp-json\/wp\/v2\/media?parent=243"}],"curies":[{"name":"wp","href":"https:\/\/api.w.org\/{rel}","templated":true}]}}