{"id":189,"date":"2025-01-08T20:59:26","date_gmt":"2025-01-08T20:59:26","guid":{"rendered":"https:\/\/encuentrocontableytributario.incp.org.co\/?page_id=189"},"modified":"2026-01-20T22:06:09","modified_gmt":"2026-01-20T22:06:09","slug":"jesus-orlando-corredor","status":"publish","type":"page","link":"https:\/\/encuentrocontableytributario.incp.org.co\/indexphp\/jesus-orlando-corredor\/","title":{"rendered":"Jes\u00fas Orlando Corredor\u200b"},"content":{"rendered":"\n<div class=\"wp-block-columns is-layout-flex wp-container-core-columns-is-layout-9d6595d7 wp-block-columns-is-layout-flex\">\n<div class=\"wp-block-column is-layout-flow wp-block-column-is-layout-flow\">\n<figure class=\"wp-block-video\"><video height=\"1920\" style=\"aspect-ratio: 1080 \/ 1920;\" width=\"1080\" controls src=\"https:\/\/encuentrocontableytributario.incp.org.co\/wp-content\/uploads\/2026\/01\/reel-pauta-ECT-J.-Orlando-Corredor-Alejo.mp4\"><\/video><\/figure>\n<\/div>\n\n\n\n<div class=\"wp-block-column is-layout-flow wp-block-column-is-layout-flow\">\n<h5 class=\"wp-block-heading\" style=\"font-size:20px\">Socio fundador\u00a0de Tributar Asesores S.A.S.\n<\/h5>\n\n\n\n<p style=\"text-align:justify\">Contador p\u00fablico de la Pontificia Universidad Javeriana, abogado de la Universidad Nacional de Colombia y especialista en Tributaci\u00f3n de la Universidad de los Andes. Cuenta con m\u00e1s de 25 a\u00f1os de experiencia\u00a0como asesor de empresas de los sectores financiero, industrial, comercial\u00a0y de servicios\u00a0en asuntos como derecho tributario nacional y territorial. Ha sido docente de la Pontificia Universidad Javeriana, la Universidad Externado de Colombia, la Universidad de los Andes, la Universidad Jorge Tadeo Lozano, la Universidad Santo Tom\u00e1s, entre otras. Actualmente se desempe\u00f1a como socio de la firma Tributar Asesores SAS.\u00a0<\/p>\n<\/div>\n<\/div>\n","protected":false},"excerpt":{"rendered":"<p>Socio fundador\u00a0de Tributar Asesores S.A.S. Contador p\u00fablico de la Pontificia Universidad Javeriana, abogado de la Universidad Nacional de Colombia y especialista en Tributaci\u00f3n de la Universidad de los Andes. Cuenta con m\u00e1s de 25 a\u00f1os de experiencia\u00a0como asesor de empresas de los sectores financiero, industrial, comercial\u00a0y de servicios\u00a0en asuntos como derecho tributario nacional y territorial. &hellip; <\/p>\n","protected":false},"author":1,"featured_media":0,"parent":0,"menu_order":0,"comment_status":"closed","ping_status":"closed","template":"","meta":{"inline_featured_image":false,"footnotes":""},"class_list":["post-189","page","type-page","status-publish","hentry"],"_links":{"self":[{"href":"https:\/\/encuentrocontableytributario.incp.org.co\/index.php\/wp-json\/wp\/v2\/pages\/189","targetHints":{"allow":["GET"]}}],"collection":[{"href":"https:\/\/encuentrocontableytributario.incp.org.co\/index.php\/wp-json\/wp\/v2\/pages"}],"about":[{"href":"https:\/\/encuentrocontableytributario.incp.org.co\/index.php\/wp-json\/wp\/v2\/types\/page"}],"author":[{"embeddable":true,"href":"https:\/\/encuentrocontableytributario.incp.org.co\/index.php\/wp-json\/wp\/v2\/users\/1"}],"replies":[{"embeddable":true,"href":"https:\/\/encuentrocontableytributario.incp.org.co\/index.php\/wp-json\/wp\/v2\/comments?post=189"}],"version-history":[{"count":3,"href":"https:\/\/encuentrocontableytributario.incp.org.co\/index.php\/wp-json\/wp\/v2\/pages\/189\/revisions"}],"predecessor-version":[{"id":744,"href":"https:\/\/encuentrocontableytributario.incp.org.co\/index.php\/wp-json\/wp\/v2\/pages\/189\/revisions\/744"}],"wp:attachment":[{"href":"https:\/\/encuentrocontableytributario.incp.org.co\/index.php\/wp-json\/wp\/v2\/media?parent=189"}],"curies":[{"name":"wp","href":"https:\/\/api.w.org\/{rel}","templated":true}]}}