{"id":187,"date":"2025-01-08T20:58:12","date_gmt":"2025-01-08T20:58:12","guid":{"rendered":"https:\/\/encuentrocontableytributario.incp.org.co\/?page_id=187"},"modified":"2026-01-20T21:59:58","modified_gmt":"2026-01-20T21:59:58","slug":"olga-viviana-tapias","status":"publish","type":"page","link":"https:\/\/encuentrocontableytributario.incp.org.co\/indexphp\/olga-viviana-tapias\/","title":{"rendered":"Olga Viviana Tapias"},"content":{"rendered":"\n<div class=\"wp-block-columns is-layout-flex wp-container-core-columns-is-layout-9d6595d7 wp-block-columns-is-layout-flex\">\n<div class=\"wp-block-column is-layout-flow wp-block-column-is-layout-flow\">\n<figure class=\"wp-block-video\"><video height=\"1920\" style=\"aspect-ratio: 1080 \/ 1920;\" width=\"1080\" controls src=\"https:\/\/encuentrocontableytributario.incp.org.co\/wp-content\/uploads\/2026\/01\/reel-pauta-ECT-Olga-Viviana-Tapias.mp4\"><\/video><\/figure>\n<\/div>\n\n\n\n<div class=\"wp-block-column is-layout-flow wp-block-column-is-layout-flow\">\n<h5 class=\"wp-block-heading\" style=\"font-size:20px\">Socia de Impuestos, Legal y Precios de Transferencia en Russell Bedford<\/h5>\n\n\n\n<p style=\"text-align:justify\">Abogada y contadora p\u00fablica (en formaci\u00f3n), especialista en Derecho Tributario y Derecho Administrativo de la Universidad del Rosario, certificada en NIIF por el Instituto de Contadores P\u00fablicos de Inglaterra y Gales (ICAEW, por sus siglas en ingl\u00e9s). Se ha desempe\u00f1ado como consultora en materia legal y tributaria, docente universitaria, conferencista, l\u00edder de seminarios de actualizaci\u00f3n tributaria, autora y coautora de varias publicaciones en materia tributaria, secretaria t\u00e9cnica del Comit\u00e9 de Expertos Tributarios del Consejo T\u00e9cnico de la Contadur\u00eda P\u00fablica (CTCP) y miembro del Comit\u00e9 Financiero de la C\u00e1mara Colombo-Alemana. Actualmente, es socia de Impuestos, Legal y Precios de Transferencia en Russell Bedford.<\/p>\n<\/div>\n<\/div>\n","protected":false},"excerpt":{"rendered":"<p>Socia de Impuestos, Legal y Precios de Transferencia en Russell Bedford Abogada y contadora p\u00fablica (en formaci\u00f3n), especialista en Derecho Tributario y Derecho Administrativo de la Universidad del Rosario, certificada en NIIF por el Instituto de Contadores P\u00fablicos de Inglaterra y Gales (ICAEW, por sus siglas en ingl\u00e9s). Se ha desempe\u00f1ado como consultora en materia &hellip; <\/p>\n","protected":false},"author":1,"featured_media":0,"parent":0,"menu_order":0,"comment_status":"closed","ping_status":"closed","template":"","meta":{"inline_featured_image":false,"footnotes":""},"class_list":["post-187","page","type-page","status-publish","hentry"],"_links":{"self":[{"href":"https:\/\/encuentrocontableytributario.incp.org.co\/index.php\/wp-json\/wp\/v2\/pages\/187","targetHints":{"allow":["GET"]}}],"collection":[{"href":"https:\/\/encuentrocontableytributario.incp.org.co\/index.php\/wp-json\/wp\/v2\/pages"}],"about":[{"href":"https:\/\/encuentrocontableytributario.incp.org.co\/index.php\/wp-json\/wp\/v2\/types\/page"}],"author":[{"embeddable":true,"href":"https:\/\/encuentrocontableytributario.incp.org.co\/index.php\/wp-json\/wp\/v2\/users\/1"}],"replies":[{"embeddable":true,"href":"https:\/\/encuentrocontableytributario.incp.org.co\/index.php\/wp-json\/wp\/v2\/comments?post=187"}],"version-history":[{"count":4,"href":"https:\/\/encuentrocontableytributario.incp.org.co\/index.php\/wp-json\/wp\/v2\/pages\/187\/revisions"}],"predecessor-version":[{"id":736,"href":"https:\/\/encuentrocontableytributario.incp.org.co\/index.php\/wp-json\/wp\/v2\/pages\/187\/revisions\/736"}],"wp:attachment":[{"href":"https:\/\/encuentrocontableytributario.incp.org.co\/index.php\/wp-json\/wp\/v2\/media?parent=187"}],"curies":[{"name":"wp","href":"https:\/\/api.w.org\/{rel}","templated":true}]}}