{"id":180,"date":"2025-01-08T20:48:36","date_gmt":"2025-01-08T20:48:36","guid":{"rendered":"https:\/\/encuentrocontableytributario.incp.org.co\/?page_id=180"},"modified":"2025-11-13T17:26:52","modified_gmt":"2025-11-13T17:26:52","slug":"mauricio-espanol-leon","status":"publish","type":"page","link":"https:\/\/encuentrocontableytributario.incp.org.co\/indexphp\/mauricio-espanol-leon\/","title":{"rendered":"Mauricio Espa\u00f1ol Le\u00f3n"},"content":{"rendered":"\n<div class=\"wp-block-columns is-layout-flex wp-container-core-columns-is-layout-9d6595d7 wp-block-columns-is-layout-flex\">\n<div class=\"wp-block-column is-layout-flow wp-block-column-is-layout-flow\">\n<figure class=\"wp-block-image size-full is-resized\"><img loading=\"lazy\" decoding=\"async\" width=\"439\" height=\"435\" src=\"https:\/\/encuentrocontableytributario.incp.org.co\/wp-content\/uploads\/2025\/11\/Imagen2.png\" alt=\"\" class=\"wp-image-538\" style=\"width:416px;height:auto\" srcset=\"https:\/\/encuentrocontableytributario.incp.org.co\/wp-content\/uploads\/2025\/11\/Imagen2.png 439w, https:\/\/encuentrocontableytributario.incp.org.co\/wp-content\/uploads\/2025\/11\/Imagen2-300x297.png 300w, https:\/\/encuentrocontableytributario.incp.org.co\/wp-content\/uploads\/2025\/11\/Imagen2-150x150.png 150w\" sizes=\"auto, (max-width: 439px) 100vw, 439px\" \/><\/figure>\n<\/div>\n\n\n\n<div class=\"wp-block-column is-layout-flow wp-block-column-is-layout-flow\">\n<h5 class=\"wp-block-heading\" style=\"font-size:20px\">Coordinador del Grupo de An\u00e1lisis y Regulaci\u00f3n Contable en la Superintendencia de Sociedades<\/h5>\n\n\n\n<p style=\"text-align:justify\">Contador\u00a0p\u00fablico de la Universidad Antonio Nari\u00f1o, especialista en Revisor\u00eda Fiscal y Auditor\u00eda de la Universidad Externado y especialista en Contabilidad Financiera Internacional de la Pontificia\u00a0Universidad Javeriana. Cuenta con m\u00e1s de 20 a\u00f1os de experiencia, ha desempe\u00f1ado diferentes cargos p\u00fablicos como la presidencia del Tribunal Disciplinario de la Junta Central de Contadores y representante del sector Administrativo, de Comercio, Industria y Turismo designado por el MINCIT. Actualmente se desempe\u00f1a como Coordinador del Grupo de An\u00e1lisis y Regulaci\u00f3n Contable en la Superintendencia de Sociedades.<\/p>\n<\/div>\n<\/div>\n","protected":false},"excerpt":{"rendered":"<p>Coordinador del Grupo de An\u00e1lisis y Regulaci\u00f3n Contable en la Superintendencia de Sociedades Contador\u00a0p\u00fablico de la Universidad Antonio Nari\u00f1o, especialista en Revisor\u00eda Fiscal y Auditor\u00eda de la Universidad Externado y especialista en Contabilidad Financiera Internacional de la Pontificia\u00a0Universidad Javeriana. Cuenta con m\u00e1s de 20 a\u00f1os de experiencia, ha desempe\u00f1ado diferentes cargos p\u00fablicos como la presidencia &hellip; <\/p>\n","protected":false},"author":1,"featured_media":0,"parent":0,"menu_order":0,"comment_status":"closed","ping_status":"closed","template":"","meta":{"inline_featured_image":false,"footnotes":""},"class_list":["post-180","page","type-page","status-publish","hentry"],"_links":{"self":[{"href":"https:\/\/encuentrocontableytributario.incp.org.co\/index.php\/wp-json\/wp\/v2\/pages\/180","targetHints":{"allow":["GET"]}}],"collection":[{"href":"https:\/\/encuentrocontableytributario.incp.org.co\/index.php\/wp-json\/wp\/v2\/pages"}],"about":[{"href":"https:\/\/encuentrocontableytributario.incp.org.co\/index.php\/wp-json\/wp\/v2\/types\/page"}],"author":[{"embeddable":true,"href":"https:\/\/encuentrocontableytributario.incp.org.co\/index.php\/wp-json\/wp\/v2\/users\/1"}],"replies":[{"embeddable":true,"href":"https:\/\/encuentrocontableytributario.incp.org.co\/index.php\/wp-json\/wp\/v2\/comments?post=180"}],"version-history":[{"count":2,"href":"https:\/\/encuentrocontableytributario.incp.org.co\/index.php\/wp-json\/wp\/v2\/pages\/180\/revisions"}],"predecessor-version":[{"id":539,"href":"https:\/\/encuentrocontableytributario.incp.org.co\/index.php\/wp-json\/wp\/v2\/pages\/180\/revisions\/539"}],"wp:attachment":[{"href":"https:\/\/encuentrocontableytributario.incp.org.co\/index.php\/wp-json\/wp\/v2\/media?parent=180"}],"curies":[{"name":"wp","href":"https:\/\/api.w.org\/{rel}","templated":true}]}}