{"id":141,"date":"2024-12-17T20:21:53","date_gmt":"2024-12-17T20:21:53","guid":{"rendered":"https:\/\/encuentrocontableytributario.incp.org.co\/?page_id=141"},"modified":"2026-01-21T13:41:20","modified_gmt":"2026-01-21T13:41:20","slug":"conferencistas","status":"publish","type":"page","link":"https:\/\/encuentrocontableytributario.incp.org.co\/indexphp\/conferencistas\/","title":{"rendered":"Conferencistas"},"content":{"rendered":"\n<style>\n    .containerSlides {\n        width: 100%;\n        margin: 20px auto;\n        padding: 20px;\n        background-color: #fff;\n        box-shadow: 0 0 10px rgba(0, 0, 0, 0.1);\n        list-style: none;\n    }\n    .containerSlides h2 {\n        text-align: center;\n        color: #333;\n    }\n    .conferencistas-list {\n        list-style: none;\n        padding: 0;\n        display: flex;\n        flex-wrap: wrap;\n        justify-content: space-around;\n    }\n    .conferencistas-list li {\n        width: 200px;\n        margin: 10px;\n        background-color: #fafafa;\n        padding: 10px;\n        box-shadow: 0 0 5px rgba(0, 0, 0, 0.1);\n        text-align: center;\n    }\n    .conferencistas-list img {\n        width: 100%;\n    }\n    .conferencistas-list .caption {\n        margin-top: 10px;\n        color: #555;\n    }\n    .conferencistas-list .caption.bold {\n        font-weight: bold;\n    }\n    .conferencistas-list .profileButton {\n        display: inline-block;\n        margin-top: 10px;\n        padding: 5px 10px;\n        background-color: #00AAEF;\n        color: #fff;\n        text-decoration: none;\n        border-radius: 5px;\n        transition: background-color 0.3s;\n    }\n    .conferencistas-list .profileButton:hover {\n        background-color: #0056b3;\n    }\n<\/style>\n\n    <div class=\"containerSlides\">\n        <h2>Conferencistas<\/h2>\n        <ul id=\"conferencistasList\" class=\"conferencistas-list\"><\/ul>\n    <\/div>\n\n    <script>\n        document.addEventListener('DOMContentLoaded', () => {\n            const conferencistas = [\n                {\n        img: \"https:\/\/encuentrocontableytributario.incp.org.co\/wp-content\/uploads\/2025\/12\/Humberto-Fernandez.jpg\",\n        name: \"Humberto Fern\u00e1ndez Paz\",\n        profileLink: \"https:\/\/encuentrocontableytributario.incp.org.co\/indexphp\/humberto-fernandez-paz\/\"\n    },{\n        img: \"https:\/\/encuentrocontableytributario.incp.org.co\/wp-content\/uploads\/2025\/12\/Jorge-Eliecer.png\",\n        name: \"Jorge Eli\u00e9cer Moreno\",\n        profileLink: \"https:\/\/encuentrocontableytributario.incp.org.co\/index.php\/jorge-eliecer-moreno\/\"\n    },{\n        img: \"https:\/\/encuentrocontableytributario.incp.org.co\/wp-content\/uploads\/2026\/01\/Billy.jpg\",\n        name: \"Billy Escobar P\u00e9rez\",\n        profileLink: \"https:\/\/encuentrocontableytributario.incp.org.co\/indexphp\/billy-escobar-perez-2\/\"\n    },{\n        img: \"https:\/\/encuentrocontableytributario.incp.org.co\/wp-content\/uploads\/2025\/11\/Imagen2.png\",\n        name: \"Mauricio Espa\u00f1ol Le\u00f3n\",\n        profileLink: \"https:\/\/encuentrocontableytributario.incp.org.co\/index.php\/mauricio-espanol-leon\/\"\n    },{\n        img: \"https:\/\/encuentrocontableytributario.incp.org.co\/wp-content\/uploads\/2025\/11\/Imagen1.png\",\n        name: \"J. Orlando Corredor Alejo\",\n        profileLink: \"https:\/\/encuentrocontableytributario.incp.org.co\/index.php\/jesus-orlando-corredor\/\"\n    },{\n        img: \"https:\/\/encuentrocontableytributario.incp.org.co\/wp-content\/uploads\/2025\/11\/Imagen7.png\",\n        name: \"Alberto Valencia Casallas\",\n        profileLink: \"https:\/\/encuentrocontableytributario.incp.org.co\/index.php\/alberto-valencia-casallas\/\"\n    },{\n        img: \"https:\/\/encuentrocontableytributario.incp.org.co\/wp-content\/uploads\/2025\/12\/Brendan.png\",\n        name: \"Brendan Thomas Quirk\",\n        profileLink: \"https:\/\/encuentrocontableytributario.incp.org.co\/index.php\/brendan-thomas-quirk\/\"\n    },{\n        img: \"https:\/\/encuentrocontableytributario.incp.org.co\/wp-content\/uploads\/2026\/01\/Tulio.png\",\n        name: \"Tulio Restrepo Rivera\u200b\",\n        profileLink: \"https:\/\/encuentrocontableytributario.incp.org.co\/index.php\/tulio-restrepo-rivera\/\"\n    },{\n        img: \"https:\/\/encuentrocontableytributario.incp.org.co\/wp-content\/uploads\/2026\/01\/Guillermo.png\",\n        name: \"Guillermo Henrique G\u00f3mez\u200b\u200b\",\n        profileLink: \"https:\/\/encuentrocontableytributario.incp.org.co\/index.php\/guillermo-henrique-gomez\/\"\n    },{\n        img: \"https:\/\/encuentrocontableytributario.incp.org.co\/wp-content\/uploads\/2025\/11\/Imagen4.png\",\n        name: \"Diego Cubillos Pedraza\",\n        profileLink: \"https:\/\/encuentrocontableytributario.incp.org.co\/index.php\/diego-cubillos-pedraza\/\"\n    },{\n        img: \"https:\/\/encuentrocontableytributario.incp.org.co\/wp-content\/uploads\/2025\/11\/Imagen8.png\",\n        name: \"Carlos Giovanni Rodr\u00edguez\",\n        profileLink: \"https:\/\/encuentrocontableytributario.incp.org.co\/index.php\/carlos-giovanni-rodriguez\/\"\n    },{\n        img: \"https:\/\/encuentrocontableytributario.incp.org.co\/wp-content\/uploads\/2025\/12\/Cesar-augusto.png\",\n        name: \"C\u00e9sar Augusto Mart\u00ednez Ariza\",\n        profileLink: \"https:\/\/encuentrocontableytributario.incp.org.co\/index.php\/cesar-augusto-martinez-ariza-2\/\"\n    },{\n        img: \"https:\/\/encuentrocontableytributario.incp.org.co\/wp-content\/uploads\/2025\/12\/Carlos-chaparro.png\",\n        name: \"Carlos Miguel Chaparro\",\n        profileLink: \"https:\/\/encuentrocontableytributario.incp.org.co\/index.php\/carlos-miguel-chaparro-2\/\"\n    },{\n        img: \"https:\/\/encuentrocontableytributario.incp.org.co\/wp-content\/uploads\/2025\/11\/Margarita-Salas@2x-100.jpg\",\n        name: \"Margarita Salas S\u00e1nchez\",\n        profileLink: \"https:\/\/encuentrocontableytributario.incp.org.co\/indexphp\/margarita-salas-sanchez\/\"\n    },{\n        img: \"https:\/\/encuentrocontableytributario.incp.org.co\/wp-content\/uploads\/2025\/12\/Carlos-Guerra.jpg\",\n        name: \"Carlos Guerra\",\n        profileLink: \"https:\/\/encuentrocontableytributario.incp.org.co\/index.php\/carlos-guerra\/\"\n    },{\n        img: \"https:\/\/encuentrocontableytributario.incp.org.co\/wp-content\/uploads\/2025\/11\/Fredy-Mora@2x-100.jpg\",\n        name: \"Fredy Leonardo Mora\",\n        profileLink: \"https:\/\/encuentrocontableytributario.incp.org.co\/index.php\/fredy-leonardo-mora\/\"\n    },{\n        img: \"https:\/\/encuentrocontableytributario.incp.org.co\/wp-content\/uploads\/2025\/11\/Imagen6.png\",\n        name: \"Carlos Arturo Rodr\u00edguez\",\n        profileLink: \"https:\/\/encuentrocontableytributario.incp.org.co\/index.php\/carlos-arturo-rodriguez\/\"\n    },{\n        img: \"https:\/\/encuentrocontableytributario.incp.org.co\/wp-content\/uploads\/2025\/11\/Imagen9.png\",\n        name: \"Carolina Acu\u00f1a\",\n        profileLink: \"https:\/\/encuentrocontableytributario.incp.org.co\/indexphp\/carolina-acuna\/\"\n    },{\n        img: \"https:\/\/encuentrocontableytributario.incp.org.co\/wp-content\/uploads\/2025\/11\/Imagen11.png\",\n        name: \"Oswaldo P\u00e9rez Qui\u00f1ones\",\n        profileLink: \"https:\/\/encuentrocontableytributario.incp.org.co\/indexphp\/oswaldo-perez-quinones\/\"\n    },{\n        img: \"https:\/\/encuentrocontableytributario.incp.org.co\/wp-content\/uploads\/2025\/11\/Boris-Rene-Cardenas@2x-100.jpg\",\n        name: \"Boris Ren\u00e9 C\u00e1rdenas\",\n        profileLink: \"https:\/\/encuentrocontableytributario.incp.org.co\/indexphp\/boris-rene-cardenas\/\"\n    },{\n        img: \"https:\/\/encuentrocontableytributario.incp.org.co\/wp-content\/uploads\/2025\/11\/ROGER-ROMAN-SANCHEZ@2x-100.jpg\",\n        name: \"Roger Rom\u00e1n S\u00e1nchez\",\n        profileLink: \"https:\/\/encuentrocontableytributario.incp.org.co\/index.php\/roger-roman-sanchez-3\/\"\n    },{\n        img: \"https:\/\/encuentrocontableytributario.incp.org.co\/wp-content\/uploads\/2025\/11\/Imagen3.png\",\n        name: \"Luis Naranjo Corredor\",\n        profileLink: \"https:\/\/encuentrocontableytributario.incp.org.co\/index.php\/luis-naranjo-corredor\/\"\n    },{\n        img: \"https:\/\/encuentrocontableytributario.incp.org.co\/wp-content\/uploads\/2025\/11\/German-Andres-Benitez@2x-100.jpg\",\n        name: \"Germ\u00e1n Andr\u00e9s Ben\u00edtez\",\n        profileLink: \"https:\/\/encuentrocontableytributario.incp.org.co\/indexphp\/german-andres-benitez\/\"\n    },{\n        img: \"https:\/\/encuentrocontableytributario.incp.org.co\/wp-content\/uploads\/2025\/12\/Camilo-mutis-2.png\",\n        name: \"Camilo Mutis T\u00e9llez\",\n        profileLink: \"https:\/\/encuentrocontableytributario.incp.org.co\/index.php\/camilo-mutis-tellez\/\"\n    },{\n        img: \"https:\/\/encuentrocontableytributario.incp.org.co\/wp-content\/uploads\/2025\/11\/GIOVANNY-BOHORQUEZ-PROPUESTAS@2x-100.jpg\",\n        name: \"Giovanny Alexander Boh\u00f3rquez Reyes\",\n        profileLink: \"https:\/\/encuentrocontableytributario.incp.org.co\/indexphp\/giovanny-alexander-bohorquez-reyes\/\"\n    },{\n        img: \"https:\/\/encuentrocontableytributario.incp.org.co\/wp-content\/uploads\/2025\/11\/Imagen15.png\",\n        name: \"Olga Viviana Tapias\",\n        profileLink: \"https:\/\/encuentrocontableytributario.incp.org.co\/indexphp\/olga-viviana-tapias\/\"\n    },{\n        img: \"https:\/\/encuentrocontableytributario.incp.org.co\/wp-content\/uploads\/2025\/11\/Imagen13.png\",\n        name: \"Sandra villabona\",\n        profileLink: \"https:\/\/encuentrocontableytributario.incp.org.co\/indexphp\/sandra-villabona\/\"\n    },{\n        img: \"https:\/\/encuentrocontableytributario.incp.org.co\/wp-content\/uploads\/2025\/11\/Imagen14.png\",\n        name: \"Javier De la Hoz\",\n        profileLink: \"https:\/\/encuentrocontableytributario.incp.org.co\/indexphp\/javier-de-la-hoz\/\"\n    },{\n        img: \"https:\/\/encuentrocontableytributario.incp.org.co\/wp-content\/uploads\/2025\/12\/Monica-Bernal.png\",\n        name: \"M\u00f3nica Paola Bernal\",\n        profileLink: \"https:\/\/encuentrocontableytributario.incp.org.co\/index.php\/monica-paola-bernal-2\/\"\n    },{\n        img: \"https:\/\/encuentrocontableytributario.incp.org.co\/wp-content\/uploads\/2026\/01\/Paul-Rocha@2x-100.jpg\",\n        name: \"Paul Rocha\",\n        profileLink: \"https:\/\/encuentrocontableytributario.incp.org.co\/index.php\/paul-rocha-2\/\"\n    },{\n        img: \"https:\/\/encuentrocontableytributario.incp.org.co\/wp-content\/uploads\/2025\/11\/Daniela-Bedoya.png\",\n        name: \"Daniela Bedoya Ram\u00edrez\",\n        profileLink: \"https:\/\/encuentrocontableytributario.incp.org.co\/index.php\/daniela-bedoya-ramirez\/\"\n    },{\n        img: \"https:\/\/encuentrocontableytributario.incp.org.co\/wp-content\/uploads\/2026\/01\/Leonardo-Varon.png\",\n        name: \"Leonardo Var\u00f3n Garc\u00eda\u200b\",\n        profileLink: \"https:\/\/encuentrocontableytributario.incp.org.co\/index.php\/leonardo-varon-garcia\/\"\n    },{\n        img: \"https:\/\/encuentrocontableytributario.incp.org.co\/wp-content\/uploads\/2025\/11\/Paolo-Bedoya@2x-100.jpg\",\n        name: \"Paolo Bedoya\u200b\",\n        profileLink: \"https:\/\/encuentrocontableytributario.incp.org.co\/indexphp\/paolo-bedoya\/\"\n    }\n    \n            ];\n\n            const conferencistasList = document.getElementById('conferencistasList');\n\n            conferencistas.forEach(conferencista => {\n                const li = document.createElement('li');\n                li.innerHTML = `\n                    <img decoding=\"async\" src=\"${conferencista.img}\" alt=\"Conferencista\">\n                    <div class=\"caption\">${conferencista.name}<\/div>\n                    <div class=\"caption bold\">\n                        <a href=\"${conferencista.profileLink}\" class=\"profileButton\">Ver perfil<\/a>\n                    <\/div>\n                `;\n                conferencistasList.appendChild(li);\n            });\n        });\n    <\/script>\n\n\n\n<p><\/p>\n","protected":false},"excerpt":{"rendered":"<p>Conferencistas<\/p>\n","protected":false},"author":1,"featured_media":0,"parent":0,"menu_order":0,"comment_status":"closed","ping_status":"closed","template":"","meta":{"inline_featured_image":false,"footnotes":""},"class_list":["post-141","page","type-page","status-publish","hentry"],"_links":{"self":[{"href":"https:\/\/encuentrocontableytributario.incp.org.co\/index.php\/wp-json\/wp\/v2\/pages\/141","targetHints":{"allow":["GET"]}}],"collection":[{"href":"https:\/\/encuentrocontableytributario.incp.org.co\/index.php\/wp-json\/wp\/v2\/pages"}],"about":[{"href":"https:\/\/encuentrocontableytributario.incp.org.co\/index.php\/wp-json\/wp\/v2\/types\/page"}],"author":[{"embeddable":true,"href":"https:\/\/encuentrocontableytributario.incp.org.co\/index.php\/wp-json\/wp\/v2\/users\/1"}],"replies":[{"embeddable":true,"href":"https:\/\/encuentrocontableytributario.incp.org.co\/index.php\/wp-json\/wp\/v2\/comments?post=141"}],"version-history":[{"count":36,"href":"https:\/\/encuentrocontableytributario.incp.org.co\/index.php\/wp-json\/wp\/v2\/pages\/141\/revisions"}],"predecessor-version":[{"id":774,"href":"https:\/\/encuentrocontableytributario.incp.org.co\/index.php\/wp-json\/wp\/v2\/pages\/141\/revisions\/774"}],"wp:attachment":[{"href":"https:\/\/encuentrocontableytributario.incp.org.co\/index.php\/wp-json\/wp\/v2\/media?parent=141"}],"curies":[{"name":"wp","href":"https:\/\/api.w.org\/{rel}","templated":true}]}}