{"id":132,"date":"2024-12-17T20:03:07","date_gmt":"2024-12-17T20:03:07","guid":{"rendered":"https:\/\/encuentrocontableytributario.incp.org.co\/?page_id=132"},"modified":"2025-11-14T17:57:36","modified_gmt":"2025-11-14T17:57:36","slug":"fredy-leonardo-mora","status":"publish","type":"page","link":"https:\/\/encuentrocontableytributario.incp.org.co\/indexphp\/fredy-leonardo-mora\/","title":{"rendered":"Fredy Leonardo Mora"},"content":{"rendered":"\n<div class=\"wp-block-columns is-layout-flex wp-container-core-columns-is-layout-9d6595d7 wp-block-columns-is-layout-flex\">\n<div class=\"wp-block-column is-layout-flow wp-block-column-is-layout-flow\">\n<figure class=\"wp-block-image size-full is-resized\"><img loading=\"lazy\" decoding=\"async\" width=\"601\" height=\"600\" src=\"https:\/\/encuentrocontableytributario.incp.org.co\/wp-content\/uploads\/2025\/11\/Fredy-Mora@2x-100.jpg\" alt=\"\" class=\"wp-image-596\" style=\"width:416px;height:auto\" srcset=\"https:\/\/encuentrocontableytributario.incp.org.co\/wp-content\/uploads\/2025\/11\/Fredy-Mora@2x-100.jpg 601w, https:\/\/encuentrocontableytributario.incp.org.co\/wp-content\/uploads\/2025\/11\/Fredy-Mora@2x-100-300x300.jpg 300w, https:\/\/encuentrocontableytributario.incp.org.co\/wp-content\/uploads\/2025\/11\/Fredy-Mora@2x-100-150x150.jpg 150w, https:\/\/encuentrocontableytributario.incp.org.co\/wp-content\/uploads\/2025\/11\/Fredy-Mora@2x-100-470x470.jpg 470w\" sizes=\"auto, (max-width: 601px) 100vw, 601px\" \/><\/figure>\n<\/div>\n\n\n\n<div class=\"wp-block-column is-layout-flow wp-block-column-is-layout-flow\">\n<h5 class=\"wp-block-heading\" style=\"font-size:20px\">Socio de Impuestos en EY Colombia<\/h5>\n\n\n\n<p style=\"text-align:justify\">Contador p\u00fablico y especialista en Derecho Minero, Energ\u00e9tico y de Petr\u00f3leos de la Universidad Externado. Adem\u00e1s de ser docente universitario, ha construido una s\u00f3lida carrera de m\u00e1s de 24 a\u00f1os en la firma EY, donde actualmente es socio de la pr\u00e1ctica de Impuestos. Ha liderado los procesos de dise\u00f1o, desarrollo, pruebas y puesta en marcha de varias herramientas tecnol\u00f3gicas dise\u00f1adas por EY para la prestaci\u00f3n de servicios tributarios de alto valor agregado a los clientes.<\/p>\n<\/div>\n<\/div>\n\n\n\n<hr class=\"wp-block-separator has-alpha-channel-opacity\"\/>\n","protected":false},"excerpt":{"rendered":"<p>Socio de Impuestos en EY Colombia Contador p\u00fablico y especialista en Derecho Minero, Energ\u00e9tico y de Petr\u00f3leos de la Universidad Externado. Adem\u00e1s de ser docente universitario, ha construido una s\u00f3lida carrera de m\u00e1s de 24 a\u00f1os en la firma EY, donde actualmente es socio de la pr\u00e1ctica de Impuestos. Ha liderado los procesos de dise\u00f1o, &hellip; <\/p>\n","protected":false},"author":1,"featured_media":0,"parent":0,"menu_order":0,"comment_status":"closed","ping_status":"closed","template":"","meta":{"inline_featured_image":false,"footnotes":""},"class_list":["post-132","page","type-page","status-publish","hentry"],"_links":{"self":[{"href":"https:\/\/encuentrocontableytributario.incp.org.co\/index.php\/wp-json\/wp\/v2\/pages\/132","targetHints":{"allow":["GET"]}}],"collection":[{"href":"https:\/\/encuentrocontableytributario.incp.org.co\/index.php\/wp-json\/wp\/v2\/pages"}],"about":[{"href":"https:\/\/encuentrocontableytributario.incp.org.co\/index.php\/wp-json\/wp\/v2\/types\/page"}],"author":[{"embeddable":true,"href":"https:\/\/encuentrocontableytributario.incp.org.co\/index.php\/wp-json\/wp\/v2\/users\/1"}],"replies":[{"embeddable":true,"href":"https:\/\/encuentrocontableytributario.incp.org.co\/index.php\/wp-json\/wp\/v2\/comments?post=132"}],"version-history":[{"count":3,"href":"https:\/\/encuentrocontableytributario.incp.org.co\/index.php\/wp-json\/wp\/v2\/pages\/132\/revisions"}],"predecessor-version":[{"id":597,"href":"https:\/\/encuentrocontableytributario.incp.org.co\/index.php\/wp-json\/wp\/v2\/pages\/132\/revisions\/597"}],"wp:attachment":[{"href":"https:\/\/encuentrocontableytributario.incp.org.co\/index.php\/wp-json\/wp\/v2\/media?parent=132"}],"curies":[{"name":"wp","href":"https:\/\/api.w.org\/{rel}","templated":true}]}}