{"id":129,"date":"2024-12-17T20:01:46","date_gmt":"2024-12-17T20:01:46","guid":{"rendered":"https:\/\/encuentrocontableytributario.incp.org.co\/?page_id=129"},"modified":"2025-11-13T17:29:58","modified_gmt":"2025-11-13T17:29:58","slug":"diego-cubillos-pedraza","status":"publish","type":"page","link":"https:\/\/encuentrocontableytributario.incp.org.co\/indexphp\/diego-cubillos-pedraza\/","title":{"rendered":"Diego Cubillos Pedraza\u200b"},"content":{"rendered":"\n<div class=\"wp-block-columns is-layout-flex wp-container-core-columns-is-layout-9d6595d7 wp-block-columns-is-layout-flex\">\n<div class=\"wp-block-column is-layout-flow wp-block-column-is-layout-flow\">\n<figure class=\"wp-block-image size-full is-resized\"><img loading=\"lazy\" decoding=\"async\" width=\"420\" height=\"437\" src=\"https:\/\/encuentrocontableytributario.incp.org.co\/wp-content\/uploads\/2025\/11\/Imagen4.png\" alt=\"\" class=\"wp-image-544\" style=\"width:416px;height:auto\" srcset=\"https:\/\/encuentrocontableytributario.incp.org.co\/wp-content\/uploads\/2025\/11\/Imagen4.png 420w, https:\/\/encuentrocontableytributario.incp.org.co\/wp-content\/uploads\/2025\/11\/Imagen4-288x300.png 288w\" sizes=\"auto, (max-width: 420px) 100vw, 420px\" \/><\/figure>\n<\/div>\n\n\n\n<div class=\"wp-block-column is-layout-flow wp-block-column-is-layout-flow\">\n<h5 class=\"wp-block-heading\" style=\"font-size:20px\">Socio de Impuestos y Servicios Legales en Deloitte Colombia<\/h5>\n\n\n\n<p style=\"text-align:justify\">Contador p\u00fablico de la Pontificia Universidad Javeriana; especialista en Derecho Tributario y Derecho Tributario Internacional, y mag\u00edster en Derecho de la Universidad Externado de Colombia. Adem\u00e1s, es especialista en Fiscalidad Internacional de la Universidad de Santiago de Compostela. Cuenta con m\u00e1s de 30 a\u00f1os de experiencia en asesor\u00eda tributaria integral, impuestos corporativos, planificaci\u00f3n fiscal corporativa, fiscalidad internacional y fusiones y adquisiciones.<br><br>\nDiego es catedr\u00e1tico en los posgrados en Derecho Tributario de la Universidad de los Andes y de la Universidad Externado de Colombia.<br><br>\nActualmente es el socio que lidera la pr\u00e1ctica de Impuestos y Servicios Legales en Deloitte Colombia. Igualmente, es el actual vicepresidente de la International Fiscal Association (IFA) para Colombia.\n<\/p>\n<\/div>\n<\/div>\n\n\n\n<hr class=\"wp-block-separator has-alpha-channel-opacity\"\/>\n","protected":false},"excerpt":{"rendered":"<p>Socio de Impuestos y Servicios Legales en Deloitte Colombia Contador p\u00fablico de la Pontificia Universidad Javeriana; especialista en Derecho Tributario y Derecho Tributario Internacional, y mag\u00edster en Derecho de la Universidad Externado de Colombia. Adem\u00e1s, es especialista en Fiscalidad Internacional de la Universidad de Santiago de Compostela. Cuenta con m\u00e1s de 30 a\u00f1os de experiencia &hellip; <\/p>\n","protected":false},"author":1,"featured_media":0,"parent":0,"menu_order":0,"comment_status":"closed","ping_status":"closed","template":"","meta":{"inline_featured_image":false,"footnotes":""},"class_list":["post-129","page","type-page","status-publish","hentry"],"_links":{"self":[{"href":"https:\/\/encuentrocontableytributario.incp.org.co\/index.php\/wp-json\/wp\/v2\/pages\/129","targetHints":{"allow":["GET"]}}],"collection":[{"href":"https:\/\/encuentrocontableytributario.incp.org.co\/index.php\/wp-json\/wp\/v2\/pages"}],"about":[{"href":"https:\/\/encuentrocontableytributario.incp.org.co\/index.php\/wp-json\/wp\/v2\/types\/page"}],"author":[{"embeddable":true,"href":"https:\/\/encuentrocontableytributario.incp.org.co\/index.php\/wp-json\/wp\/v2\/users\/1"}],"replies":[{"embeddable":true,"href":"https:\/\/encuentrocontableytributario.incp.org.co\/index.php\/wp-json\/wp\/v2\/comments?post=129"}],"version-history":[{"count":2,"href":"https:\/\/encuentrocontableytributario.incp.org.co\/index.php\/wp-json\/wp\/v2\/pages\/129\/revisions"}],"predecessor-version":[{"id":545,"href":"https:\/\/encuentrocontableytributario.incp.org.co\/index.php\/wp-json\/wp\/v2\/pages\/129\/revisions\/545"}],"wp:attachment":[{"href":"https:\/\/encuentrocontableytributario.incp.org.co\/index.php\/wp-json\/wp\/v2\/media?parent=129"}],"curies":[{"name":"wp","href":"https:\/\/api.w.org\/{rel}","templated":true}]}}