{"id":123,"date":"2024-12-17T19:59:00","date_gmt":"2024-12-17T19:59:00","guid":{"rendered":"https:\/\/encuentrocontableytributario.incp.org.co\/?page_id=123"},"modified":"2026-01-20T22:09:12","modified_gmt":"2026-01-20T22:09:12","slug":"carlos-giovanni-rodriguez","status":"publish","type":"page","link":"https:\/\/encuentrocontableytributario.incp.org.co\/indexphp\/carlos-giovanni-rodriguez\/","title":{"rendered":"Carlos Giovanni Rodr\u00edguez"},"content":{"rendered":"\n<div class=\"wp-block-columns is-layout-flex wp-container-core-columns-is-layout-9d6595d7 wp-block-columns-is-layout-flex\">\n<div class=\"wp-block-column is-layout-flow wp-block-column-is-layout-flow\">\n<figure class=\"wp-block-video\"><video height=\"1920\" style=\"aspect-ratio: 1080 \/ 1920;\" width=\"1080\" controls src=\"https:\/\/encuentrocontableytributario.incp.org.co\/wp-content\/uploads\/2026\/01\/reel-pauta-ECT-Carlos-Giovanni-Rodriguez.mp4\"><\/video><\/figure>\n<\/div>\n\n\n\n<div class=\"wp-block-column is-layout-flow wp-block-column-is-layout-flow\">\n<h5 class=\"wp-block-heading\" style=\"font-size:20px\">Consultor tributario, socio fundador de Esguerra JHR<\/h5>\n\n\n\n<p style=\"text-align:justify\">Contador p\u00fablico de la Universidad Surcolombiana y abogado de la Universidad Libre, especialista en Gesti\u00f3n Tributaria, mag\u00edster en Derecho del Estado con \u00e9nfasis en tributaci\u00f3n de la Universidad Externado y certificado en presentaci\u00f3n de informaci\u00f3n financiera internacional por la Asociaci\u00f3n de Contadores P\u00fablicos Colegiados (ACCA, por sus siglas en ingl\u00e9s). Cuenta con m\u00e1s de 20 a\u00f1os de experiencia en el asesoramiento de derecho tributario para firmas internacionales. Docente universitario en especializaci\u00f3n y maestr\u00eda, ha sido funcionario de la DIAN, redactor de la Unidad Tributaria de Legis Editores S.A., miembro del consejo directivo del Instituto Colombiano de Derecho Tributario (ICDT), conferencista y autor de varias publicaciones en materia tributaria. Actualmente funge como socio en la firma EsguerraJHR y Andersen en Colombia.<\/p>\n<\/div>\n<\/div>\n\n\n\n<hr class=\"wp-block-separator has-alpha-channel-opacity\"\/>\n","protected":false},"excerpt":{"rendered":"<p>Consultor tributario, socio fundador de Esguerra JHR Contador p\u00fablico de la Universidad Surcolombiana y abogado de la Universidad Libre, especialista en Gesti\u00f3n Tributaria, mag\u00edster en Derecho del Estado con \u00e9nfasis en tributaci\u00f3n de la Universidad Externado y certificado en presentaci\u00f3n de informaci\u00f3n financiera internacional por la Asociaci\u00f3n de Contadores P\u00fablicos Colegiados (ACCA, por sus siglas &hellip; <\/p>\n","protected":false},"author":1,"featured_media":0,"parent":0,"menu_order":0,"comment_status":"closed","ping_status":"closed","template":"","meta":{"inline_featured_image":false,"footnotes":""},"class_list":["post-123","page","type-page","status-publish","hentry"],"_links":{"self":[{"href":"https:\/\/encuentrocontableytributario.incp.org.co\/index.php\/wp-json\/wp\/v2\/pages\/123","targetHints":{"allow":["GET"]}}],"collection":[{"href":"https:\/\/encuentrocontableytributario.incp.org.co\/index.php\/wp-json\/wp\/v2\/pages"}],"about":[{"href":"https:\/\/encuentrocontableytributario.incp.org.co\/index.php\/wp-json\/wp\/v2\/types\/page"}],"author":[{"embeddable":true,"href":"https:\/\/encuentrocontableytributario.incp.org.co\/index.php\/wp-json\/wp\/v2\/users\/1"}],"replies":[{"embeddable":true,"href":"https:\/\/encuentrocontableytributario.incp.org.co\/index.php\/wp-json\/wp\/v2\/comments?post=123"}],"version-history":[{"count":3,"href":"https:\/\/encuentrocontableytributario.incp.org.co\/index.php\/wp-json\/wp\/v2\/pages\/123\/revisions"}],"predecessor-version":[{"id":748,"href":"https:\/\/encuentrocontableytributario.incp.org.co\/index.php\/wp-json\/wp\/v2\/pages\/123\/revisions\/748"}],"wp:attachment":[{"href":"https:\/\/encuentrocontableytributario.incp.org.co\/index.php\/wp-json\/wp\/v2\/media?parent=123"}],"curies":[{"name":"wp","href":"https:\/\/api.w.org\/{rel}","templated":true}]}}