{"id":118,"date":"2024-12-17T19:56:45","date_gmt":"2024-12-17T19:56:45","guid":{"rendered":"https:\/\/encuentrocontableytributario.incp.org.co\/?page_id=118"},"modified":"2026-01-21T13:02:18","modified_gmt":"2026-01-21T13:02:18","slug":"boris-rene-cardenas","status":"publish","type":"page","link":"https:\/\/encuentrocontableytributario.incp.org.co\/indexphp\/boris-rene-cardenas\/","title":{"rendered":"Boris Ren\u00e9 C\u00e1rdenas"},"content":{"rendered":"\n<div class=\"wp-block-columns is-layout-flex wp-container-core-columns-is-layout-9d6595d7 wp-block-columns-is-layout-flex\">\n<div class=\"wp-block-column is-layout-flow wp-block-column-is-layout-flow\">\n<figure class=\"wp-block-video\"><video height=\"1920\" style=\"aspect-ratio: 1080 \/ 1920;\" width=\"1080\" controls src=\"https:\/\/encuentrocontableytributario.incp.org.co\/wp-content\/uploads\/2026\/01\/reel-pauta-ECT-Boris-Rene-Cardenas.mp4\"><\/video><\/figure>\n<\/div>\n\n\n\n<div class=\"wp-block-column is-layout-flow wp-block-column-is-layout-flow\">\n<h5 class=\"wp-block-heading\" style=\"font-size:20px\">Socio de la regi\u00f3n pac\u00edfica y sur-occidente en Grant Thornton\u00a0Colombia<\/h5>\n\n\n\n<p style=\"text-align:justify\">Contador p\u00fablico de la Universidad Surcolombiana, especialista en Contabilidad Financiera de la Pontificia Universidad Javeriana, certificado en Normas Internacionales de Informaci\u00f3n Financiera (NIIF) por el Instituto de Contadores P\u00fablicos de Inglaterra y Gales (ICAEW, por sus siglas en ingl\u00e9s), y en la Presentaci\u00f3n de Informaci\u00f3n Financiera Internacional por la Asociaci\u00f3n de Contadores P\u00fablicos Asociados (ACCA, por sus siglas en ingl\u00e9s). Tiene amplia experiencia en la implementaci\u00f3n de NIIF en empresas del sector p\u00fablico y  privado, docencia universitaria y consultor\u00eda. Actualmente, se desempe\u00f1a como gerente de la regi\u00f3n pac\u00edfica y sur-occidente en Grant Thornton Colombia.<\/p>\n<\/div>\n<\/div>\n\n\n\n<hr class=\"wp-block-separator has-alpha-channel-opacity\"\/>\n","protected":false},"excerpt":{"rendered":"<p>Socio de la regi\u00f3n pac\u00edfica y sur-occidente en Grant Thornton\u00a0Colombia Contador p\u00fablico de la Universidad Surcolombiana, especialista en Contabilidad Financiera de la Pontificia Universidad Javeriana, certificado en Normas Internacionales de Informaci\u00f3n Financiera (NIIF) por el Instituto de Contadores P\u00fablicos de Inglaterra y Gales (ICAEW, por sus siglas en ingl\u00e9s), y en la Presentaci\u00f3n de Informaci\u00f3n &hellip; <\/p>\n","protected":false},"author":1,"featured_media":0,"parent":0,"menu_order":0,"comment_status":"closed","ping_status":"closed","template":"","meta":{"inline_featured_image":false,"footnotes":""},"class_list":["post-118","page","type-page","status-publish","hentry"],"_links":{"self":[{"href":"https:\/\/encuentrocontableytributario.incp.org.co\/index.php\/wp-json\/wp\/v2\/pages\/118","targetHints":{"allow":["GET"]}}],"collection":[{"href":"https:\/\/encuentrocontableytributario.incp.org.co\/index.php\/wp-json\/wp\/v2\/pages"}],"about":[{"href":"https:\/\/encuentrocontableytributario.incp.org.co\/index.php\/wp-json\/wp\/v2\/types\/page"}],"author":[{"embeddable":true,"href":"https:\/\/encuentrocontableytributario.incp.org.co\/index.php\/wp-json\/wp\/v2\/users\/1"}],"replies":[{"embeddable":true,"href":"https:\/\/encuentrocontableytributario.incp.org.co\/index.php\/wp-json\/wp\/v2\/comments?post=118"}],"version-history":[{"count":8,"href":"https:\/\/encuentrocontableytributario.incp.org.co\/index.php\/wp-json\/wp\/v2\/pages\/118\/revisions"}],"predecessor-version":[{"id":758,"href":"https:\/\/encuentrocontableytributario.incp.org.co\/index.php\/wp-json\/wp\/v2\/pages\/118\/revisions\/758"}],"wp:attachment":[{"href":"https:\/\/encuentrocontableytributario.incp.org.co\/index.php\/wp-json\/wp\/v2\/media?parent=118"}],"curies":[{"name":"wp","href":"https:\/\/api.w.org\/{rel}","templated":true}]}}